{"id":37,"date":"2024-07-21T12:05:02","date_gmt":"2024-07-21T10:05:02","guid":{"rendered":"https:\/\/wordpress.p673923.webspaceconfig.de\/?page_id=37"},"modified":"2024-07-24T16:05:48","modified_gmt":"2024-07-24T14:05:48","slug":"baracke-10","status":"publish","type":"page","link":"https:\/\/www.heimat-kultur-basdorf.de\/index.php\/baracke-10\/","title":{"rendered":"Baracke 10"},"content":{"rendered":"<div class=\"wpb-content-wrapper\"><p>[vc_row css_animation=&#8220;&#8220; row_type=&#8220;row&#8220; use_row_as_full_screen_section=&#8220;no&#8220; type=&#8220;grid&#8220; angled_section=&#8220;no&#8220; text_align=&#8220;left&#8220; background_image_as_pattern=&#8220;without_pattern&#8220; z_index=&#8220;&#8220;][vc_column]\n\t\t\t\t<p class=\"rs-p-wp-fix\"><\/p>\n\t\t\t\t<sr7-module data-alias=\"bararcke-10\" data-id=\"3\" id=\"SR7_3_1\" class=\"rs-ov-hidden\" data-version=\"6.7.14\">\n\t\t\t\t\t<sr7-adjuster><\/sr7-adjuster>\n\t\t\t\t\t<sr7-content>\n\t\t\t\t\t\t<sr7-slide id=\"SR7_3_1-9\" data-key=\"9\">\n\t\t\t\t\t\t\t<sr7-bg id=\"SR7_3_1-9-1\" class=\"sr7-layer\"><noscript><img decoding=\"async\" src=\"https:\/\/www.heimat-kultur-basdorf.de\/wp-content\/uploads\/2024\/07\/neighborhood-lifestyle-friends.jpg\" alt=\"\" title=\"neighborhood-lifestyle-friends\"><\/noscript><\/sr7-bg>\n\t\t\t\t\t\t<\/sr7-slide>\n\t\t\t\t\t\t<sr7-slide id=\"SR7_3_1-10\" data-key=\"10\">\n\t\t\t\t\t\t\t<sr7-bg id=\"SR7_3_1-10-1\" class=\"sr7-layer\"><noscript><img decoding=\"async\" src=\"https:\/\/www.heimat-kultur-basdorf.de\/wp-content\/uploads\/2024\/07\/full-shot-people-garage-sale.jpg\" alt=\"\" title=\"full-shot-people-garage-sale\"><\/noscript><\/sr7-bg>\n\t\t\t\t\t\t<\/sr7-slide>\n\t\t\t\t\t\t<sr7-slide id=\"SR7_3_1-11\" data-key=\"11\">\n\t\t\t\t\t\t\t<sr7-bg id=\"SR7_3_1-11-1\" class=\"sr7-layer\"><noscript><img decoding=\"async\" src=\"https:\/\/www.heimat-kultur-basdorf.de\/wp-content\/uploads\/2024\/07\/family-works-garden-near-house.jpg\" alt=\"\" title=\"family-works-garden-near-house\"><\/noscript><\/sr7-bg>\n\t\t\t\t\t\t<\/sr7-slide>\n\t\t\t\t\t\t<sr7-slide id=\"SR7_3_1-12\" data-key=\"12\">\n\t\t\t\t\t\t<\/sr7-slide>\n\t\t\t\t\t<\/sr7-content>\n\t\t\t\t\t<image_lists style=\"display:none\">\n\t\t\t\t\t\t<img data-src=\"\/\/www.heimat-kultur-basdorf.de\/wp-content\/uploads\/2024\/07\/neighborhood-lifestyle-friends.jpg\" data-libid=\"133\" data-lib=\"medialibrary\" title=\"neighborhood-lifestyle-friends\" width=\"0\" height=\"0\" data-dbsrc=\"Ly93d3cuaGVpbWF0LWt1bHR1ci1iYXNkb3JmLmRlL3dwLWNvbnRlbnQvdXBsb2Fkcy8yMDI0LzA3L25laWdoYm9yaG9vZC1saWZlc3R5bGUtZnJpZW5kcy5qcGc=\"\/>\n\t\t\t\t\t\t<img data-src=\"\/\/www.heimat-kultur-basdorf.de\/wp-content\/uploads\/2024\/07\/full-shot-people-garage-sale.jpg\" data-libid=\"134\" data-lib=\"medialibrary\" title=\"full-shot-people-garage-sale\" width=\"0\" height=\"0\" data-dbsrc=\"Ly93d3cuaGVpbWF0LWt1bHR1ci1iYXNkb3JmLmRlL3dwLWNvbnRlbnQvdXBsb2Fkcy8yMDI0LzA3L2Z1bGwtc2hvdC1wZW9wbGUtZ2FyYWdlLXNhbGUuanBn\"\/>\n\t\t\t\t\t\t<img data-src=\"\/\/www.heimat-kultur-basdorf.de\/wp-content\/uploads\/2024\/07\/family-works-garden-near-house.jpg\" data-libid=\"132\" data-lib=\"medialibrary\" title=\"family-works-garden-near-house\" width=\"0\" height=\"0\" data-dbsrc=\"Ly93d3cuaGVpbWF0LWt1bHR1ci1iYXNkb3JmLmRlL3dwLWNvbnRlbnQvdXBsb2Fkcy8yMDI0LzA3L2ZhbWlseS13b3Jrcy1nYXJkZW4tbmVhci1ob3VzZS5qcGc=\"\/>\n\t\t\t\t\t<\/image_lists>\n\t\t\t\t<\/sr7-module>\n\t\t\t\t<script>\n\t\t\t\t\tSR7.PMH ??={}; SR7.PMH[\"SR7_3_1\"] = {cn:0,state:false,fn: function() { if (_tpt!==undefined && _tpt.prepareModuleHeight !== undefined) {  _tpt.prepareModuleHeight({id:\"SR7_3_1\",el:[600,600,768,960,720],type:'standard',shdw:'0',gh:[600,600,495,376,232],gw:[1240,1240,1024,778,480],vpt:['100px'],size:{fullWidth:false, fullHeight:false},mh:'0',onh:0,onw:0,bg:{color:'{\"orig\":\"transparent\",\"type\":\"solid\",\"string\":\"transparent\"}'}});   SR7.PMH[\"SR7_3_1\"].state=true;} else if((SR7.PMH[\"SR7_3_1\"].cn++)<100)\tsetTimeout( SR7.PMH[\"SR7_3_1\"].fn,19);}};SR7.PMH[\"SR7_3_1\" ].fn();\n\t\t\t\t<\/script>\n[vc_empty_space][\/vc_column][\/vc_row][vc_row css_animation=&#8220;&#8220; row_type=&#8220;row&#8220; use_row_as_full_screen_section=&#8220;no&#8220; type=&#8220;grid&#8220; angled_section=&#8220;no&#8220; text_align=&#8220;left&#8220; background_image_as_pattern=&#8220;without_pattern&#8220; z_index=&#8220;&#8220;][vc_column][vc_column_text css=&#8220;&#8220;]<\/p>\n<h1>Der Heimat- und Kulturverein in Baracke 10<\/h1>\n<p>[\/vc_column_text][\/vc_column][\/vc_row][vc_row css_animation=&#8220;&#8220; row_type=&#8220;row&#8220; use_row_as_full_screen_section=&#8220;no&#8220; type=&#8220;grid&#8220; angled_section=&#8220;no&#8220; text_align=&#8220;left&#8220; background_image_as_pattern=&#8220;without_pattern&#8220; z_index=&#8220;&#8220;][vc_column][vc_column_text css=&#8220;&#8220;]Die Interessen der Vereinsmitglieder sind so vielseitig und bunt wie die Gemeinde Wandlitz. Im historischen Barackenkomplex der Basdorfer G\u00e4rten entsteht eine Oase f\u00fcr die Natur, ein o\ufb00enes Atelier, Platz f\u00fcr die Geschichte der Gemeinde und ein Ort der Begegnung und des Austausches.[\/vc_column_text][\/vc_column][\/vc_row][vc_row css_animation=&#8220;&#8220; row_type=&#8220;row&#8220; use_row_as_full_screen_section=&#8220;no&#8220; type=&#8220;full_width&#8220; angled_section=&#8220;no&#8220; text_align=&#8220;left&#8220; background_image_as_pattern=&#8220;without_pattern&#8220;][vc_column][vc_empty_space][\/vc_column][\/vc_row][vc_row css_animation=&#8220;&#8220; row_type=&#8220;row&#8220; use_row_as_full_screen_section=&#8220;no&#8220; type=&#8220;grid&#8220; angled_section=&#8220;no&#8220; text_align=&#8220;left&#8220; background_image_as_pattern=&#8220;without_pattern&#8220; css=&#8220;.vc_custom_1721720334303{padding-top: 30px !important;padding-right: 30px !important;padding-bottom: 30px !important;padding-left: 30px !important;}&#8220; z_index=&#8220;&#8220; background_color=&#8220;#ffffff&#8220;][vc_column width=&#8220;1\/4&#8243;][vc_gallery interval=&#8220;3&#8243; images=&#8220;188,184&#8243; img_size=&#8220;300&#215;300&#8243; css=&#8220;&#8220;][\/vc_column][vc_column width=&#8220;3\/4&#8243;][vc_column_text css=&#8220;&#8220;]<\/p>\n<h2>TEILHABE UND INKLUSION<\/h2>\n<p>Anita Stahnke leitet schon jetzt die Selbsthilfegruppe \u201eLeben mit und ohne Behinderung\u201c. Sie setzt sich im Verein f\u00fcr die aktive Teilhabe, Barrierefreiheit und f\u00fcr die Bedarfe der Betroffenen und ihren Angeh\u00f6rigen ein. Alle Aktivit\u00e4ten auf dem Vereinsgel\u00e4nde werden mit Hinblick auf die Machbarkeit f\u00fcr Menschen mit und ohne Beeintr\u00e4chtigung konzipiert und realisiert.[\/vc_column_text][\/vc_column][\/vc_row][vc_row css_animation=&#8220;&#8220; row_type=&#8220;row&#8220; use_row_as_full_screen_section=&#8220;no&#8220; type=&#8220;grid&#8220; angled_section=&#8220;no&#8220; text_align=&#8220;left&#8220; background_image_as_pattern=&#8220;without_pattern&#8220; css=&#8220;.vc_custom_1721720455683{padding-top: 30px !important;padding-right: 30px !important;padding-bottom: 30px !important;padding-left: 30px !important;}&#8220; z_index=&#8220;&#8220;][vc_column width=&#8220;1\/4&#8243;][vc_gallery interval=&#8220;3&#8243; images=&#8220;181,191&#8243; img_size=&#8220;300&#215;300&#8243; css=&#8220;&#8220;][\/vc_column][vc_column width=&#8220;3\/4&#8243;][vc_column_text css=&#8220;&#8220;]<\/p>\n<h2>KUNST UND KULTUR<\/h2>\n<p>Im Verein engagieren sich Menschen verschiedener Generationen und aus vielen Bereichen. Ein offenes Atelier, zeitgeschichtliche Ausstellungen, die Gestaltung der Chroniken der Ortsteile, Workshops und Vortr\u00e4ge werden angeboten. Der Verein wird sowohl lokale als auch internationale Kultur zeigen und erlebbar machen.[\/vc_column_text][\/vc_column][\/vc_row][vc_row css_animation=&#8220;&#8220; row_type=&#8220;row&#8220; use_row_as_full_screen_section=&#8220;no&#8220; type=&#8220;grid&#8220; angled_section=&#8220;no&#8220; text_align=&#8220;left&#8220; background_image_as_pattern=&#8220;without_pattern&#8220; css=&#8220;.vc_custom_1721720469552{padding-top: 30px !important;padding-right: 30px !important;padding-bottom: 30px !important;padding-left: 30px !important;}&#8220; z_index=&#8220;&#8220; background_color=&#8220;#ffffff&#8220;][vc_column width=&#8220;1\/4&#8243;][vc_gallery interval=&#8220;3&#8243; images=&#8220;189,180&#8243; img_size=&#8220;300&#215;300&#8243; css=&#8220;&#8220;][\/vc_column][vc_column width=&#8220;3\/4&#8243;][vc_column_text css=&#8220;&#8220;]<\/p>\n<h2>BEGEGNUNG UND VISIONEN<\/h2>\n<p>Wir wollen Visionen kreieren. K\u00f6nnen wir energieautark leben? Und wie w\u00fcrde das konkret aussehen? Haben wir wirklich zu viel Regenwasser? Welche Natur umgibt uns und wie k\u00f6nnen wir sie sch\u00fctzen? Das alte Ger\u00e4t, kann das weg oder ist es noch zu retten? Gibt es noch echte Handwerker, die den jungen und interessierten Menschen etwas beibringen k\u00f6nnen? Lernen wir uns kennen, staunen wir.[\/vc_column_text][\/vc_column][\/vc_row][vc_row css_animation=&#8220;&#8220; row_type=&#8220;row&#8220; use_row_as_full_screen_section=&#8220;no&#8220; type=&#8220;full_width&#8220; angled_section=&#8220;no&#8220; text_align=&#8220;left&#8220; background_image_as_pattern=&#8220;without_pattern&#8220;][vc_column][vc_empty_space height=&#8220;60px&#8220;][\/vc_column][\/vc_row]<\/p>\n<\/div>","protected":false},"excerpt":{"rendered":"<p>[vc_row css_animation=&#8220;&#8220; row_type=&#8220;row&#8220; use_row_as_full_screen_section=&#8220;no&#8220; type=&#8220;grid&#8220; angled_section=&#8220;no&#8220; text_align=&#8220;left&#8220; background_image_as_pattern=&#8220;without_pattern&#8220; z_index=&#8220;&#8220;][vc_column][vc_empty_space][\/vc_column][\/vc_row][vc_row css_animation=&#8220;&#8220; row_type=&#8220;row&#8220; use_row_as_full_screen_section=&#8220;no&#8220; type=&#8220;grid&#8220; angled_section=&#8220;no&#8220; text_align=&#8220;left&#8220; background_image_as_pattern=&#8220;without_pattern&#8220; z_index=&#8220;&#8220;][vc_column][vc_column_text css=&#8220;&#8220;] Der Heimat- und Kulturverein in Baracke 10 [\/vc_column_text][\/vc_column][\/vc_row][vc_row css_animation=&#8220;&#8220; row_type=&#8220;row&#8220; use_row_as_full_screen_section=&#8220;no&#8220; type=&#8220;grid&#8220; angled_section=&#8220;no&#8220; text_align=&#8220;left&#8220; background_image_as_pattern=&#8220;without_pattern&#8220; z_index=&#8220;&#8220;][vc_column][vc_column_text css=&#8220;&#8220;]Die Interessen der Vereinsmitglieder sind so vielseitig und bunt wie die&#8230;<\/p>\n","protected":false},"author":1,"featured_media":0,"parent":0,"menu_order":0,"comment_status":"closed","ping_status":"closed","template":"full_width.php","meta":{"footnotes":""},"class_list":["post-37","page","type-page","status-publish","hentry"],"_links":{"self":[{"href":"https:\/\/www.heimat-kultur-basdorf.de\/index.php\/wp-json\/wp\/v2\/pages\/37","targetHints":{"allow":["GET"]}}],"collection":[{"href":"https:\/\/www.heimat-kultur-basdorf.de\/index.php\/wp-json\/wp\/v2\/pages"}],"about":[{"href":"https:\/\/www.heimat-kultur-basdorf.de\/index.php\/wp-json\/wp\/v2\/types\/page"}],"author":[{"embeddable":true,"href":"https:\/\/www.heimat-kultur-basdorf.de\/index.php\/wp-json\/wp\/v2\/users\/1"}],"replies":[{"embeddable":true,"href":"https:\/\/www.heimat-kultur-basdorf.de\/index.php\/wp-json\/wp\/v2\/comments?post=37"}],"version-history":[{"count":20,"href":"https:\/\/www.heimat-kultur-basdorf.de\/index.php\/wp-json\/wp\/v2\/pages\/37\/revisions"}],"predecessor-version":[{"id":197,"href":"https:\/\/www.heimat-kultur-basdorf.de\/index.php\/wp-json\/wp\/v2\/pages\/37\/revisions\/197"}],"wp:attachment":[{"href":"https:\/\/www.heimat-kultur-basdorf.de\/index.php\/wp-json\/wp\/v2\/media?parent=37"}],"curies":[{"name":"wp","href":"https:\/\/api.w.org\/{rel}","templated":true}]}}