{"id":26,"date":"2024-07-21T12:03:21","date_gmt":"2024-07-21T10:03:21","guid":{"rendered":"https:\/\/wordpress.p673923.webspaceconfig.de\/?page_id=26"},"modified":"2024-07-27T15:57:15","modified_gmt":"2024-07-27T13:57:15","slug":"schoenerlinde","status":"publish","type":"page","link":"https:\/\/www.heimat-kultur-basdorf.de\/index.php\/aus-den-ortsteilen\/schoenerlinde\/","title":{"rendered":"Sch\u00f6nerlinde"},"content":{"rendered":"<div class=\"wpb-content-wrapper\"><p>[vc_row css_animation=&#8220;&#8220; row_type=&#8220;row&#8220; use_row_as_full_screen_section=&#8220;no&#8220; type=&#8220;full_width&#8220; angled_section=&#8220;no&#8220; text_align=&#8220;left&#8220; background_image_as_pattern=&#8220;without_pattern&#8220;][vc_column]\n\t\t\t\t<p class=\"rs-p-wp-fix\"><\/p>\n\t\t\t\t<sr7-module data-alias=\"wandlitz\" data-id=\"5\" id=\"SR7_5_1\" class=\"rs-ov-hidden\" data-version=\"6.7.14\">\n\t\t\t\t\t<sr7-adjuster><\/sr7-adjuster>\n\t\t\t\t\t<sr7-content>\n\t\t\t\t\t\t<sr7-slide id=\"SR7_5_1-25\" data-key=\"25\">\n\t\t\t\t\t\t\t<sr7-bg id=\"SR7_5_1-25-1\" class=\"sr7-layer\"><noscript><img decoding=\"async\" src=\"https:\/\/www.heimat-kultur-basdorf.de\/wp-content\/uploads\/2024\/07\/Heimat-und_Kulturverein_e_V_Wandlitz_Basdorf_Herzfoermige-Flieder_500x500Pixel.jpg\" alt=\"\" title=\"Heimat-und_Kulturverein_e_V_Wandlitz_Basdorf_Herzfo\u0308rmige-Flieder_500x500Pixel\"><\/noscript><\/sr7-bg>\n\t\t\t\t\t\t<\/sr7-slide>\n\t\t\t\t\t\t<sr7-slide id=\"SR7_5_1-36\" data-key=\"36\">\n\t\t\t\t\t\t<\/sr7-slide>\n\t\t\t\t\t\t<sr7-slide id=\"SR7_5_1-19\" data-key=\"19\">\n\t\t\t\t\t\t<\/sr7-slide>\n\t\t\t\t\t<\/sr7-content>\n\t\t\t\t\t<image_lists style=\"display:none\">\n\t\t\t\t\t\t<img data-src=\"\/\/www.heimat-kultur-basdorf.de\/wp-content\/uploads\/2024\/07\/Heimat-und_Kulturverein_e_V_Wandlitz_Basdorf_Herzfoermige-Flieder_500x500Pixel.jpg\" data-libid=\"545\" data-lib=\"medialibrary\" title=\"Heimat-und_Kulturverein_e_V_Wandlitz_Basdorf_Herzfo\u0308rmige-Flieder_500x500Pixel\" width=\"0\" height=\"0\" data-dbsrc=\"Ly93d3cuaGVpbWF0LWt1bHR1ci1iYXNkb3JmLmRlL3dwLWNvbnRlbnQvdXBsb2Fkcy8yMDI0LzA3L0hlaW1hdC11bmRfS3VsdHVydmVyZWluX2VfVl9XYW5kbGl0el9CYXNkb3JmX0hlcnpmb2VybWlnZS1GbGllZGVyXzUwMHg1MDBQaXhlbC5qcGc=\"\/>\n\t\t\t\t\t<\/image_lists>\n\t\t\t\t<\/sr7-module>\n\t\t\t\t<script>\n\t\t\t\t\tSR7.PMH ??={}; SR7.PMH[\"SR7_5_1\"] = {cn:0,state:false,fn: function() { if (_tpt!==undefined && _tpt.prepareModuleHeight !== undefined) {  _tpt.prepareModuleHeight({id:\"SR7_5_1\",el:[600,600,768,960,720],type:'standard',shdw:'0',gh:[600,600,495,376,232],gw:[1240,1240,1024,778,480],vpt:['100px'],size:{fullWidth:false, fullHeight:false},mh:'0',onh:0,onw:0,bg:{color:'{\"orig\":\"transparent\",\"type\":\"solid\",\"string\":\"transparent\"}'}});   SR7.PMH[\"SR7_5_1\"].state=true;} else if((SR7.PMH[\"SR7_5_1\"].cn++)<100)\tsetTimeout( SR7.PMH[\"SR7_5_1\"].fn,19);}};SR7.PMH[\"SR7_5_1\" ].fn();\n\t\t\t\t<\/script>\n[vc_empty_space][\/vc_column][\/vc_row][vc_row css_animation=&#8220;&#8220; row_type=&#8220;row&#8220; use_row_as_full_screen_section=&#8220;no&#8220; type=&#8220;full_width&#8220; angled_section=&#8220;no&#8220; text_align=&#8220;left&#8220; background_image_as_pattern=&#8220;without_pattern&#8220;][vc_column][vc_empty_space][vc_column_text css=&#8220;&#8220;]<\/p>\n<h1>Der Ort Sch\u00f6nerlinde<\/h1>\n<p>Sch\u00f6nerlinde ist ein Ortsteil der Gemeinde Wandlitz mit etwa 1000 Einwohnern, der erstmals im 13. Jahrhundert urkundlich erw\u00e4hnt wurde. Die Gemeinde geh\u00f6rt zum Landkreis Barnim im Bundesland Brandenburg. Bis zum Jahr 2003 war Sch\u00f6nerlinde eine selbstst\u00e4ndige Gemeinde innerhalb des Amtes Wandlitz. Im Wandlitzer Ortsteil Sch\u00f6nerlinde leben auf 11,54 km\u00b2 1070 Einwohner, das entspricht einer Bev\u00f6lkerungsdichte von 92,8 Einwohnern je km\u00b2.[\/vc_column_text][vc_empty_space][\/vc_column][\/vc_row]<\/p>\n<\/div>","protected":false},"excerpt":{"rendered":"<p>[vc_row css_animation=&#8220;&#8220; row_type=&#8220;row&#8220; use_row_as_full_screen_section=&#8220;no&#8220; type=&#8220;full_width&#8220; angled_section=&#8220;no&#8220; text_align=&#8220;left&#8220; background_image_as_pattern=&#8220;without_pattern&#8220;][vc_column][vc_empty_space][\/vc_column][\/vc_row][vc_row css_animation=&#8220;&#8220; row_type=&#8220;row&#8220; use_row_as_full_screen_section=&#8220;no&#8220; type=&#8220;full_width&#8220; angled_section=&#8220;no&#8220; text_align=&#8220;left&#8220; background_image_as_pattern=&#8220;without_pattern&#8220;][vc_column][vc_empty_space][vc_column_text css=&#8220;&#8220;] Der Ort Sch\u00f6nerlinde Sch\u00f6nerlinde ist ein Ortsteil der Gemeinde Wandlitz mit etwa 1000 Einwohnern, der erstmals im 13. Jahrhundert urkundlich erw\u00e4hnt wurde. Die Gemeinde geh\u00f6rt zum Landkreis Barnim im&#8230;<\/p>\n","protected":false},"author":1,"featured_media":0,"parent":16,"menu_order":0,"comment_status":"closed","ping_status":"closed","template":"","meta":{"footnotes":""},"class_list":["post-26","page","type-page","status-publish","hentry"],"_links":{"self":[{"href":"https:\/\/www.heimat-kultur-basdorf.de\/index.php\/wp-json\/wp\/v2\/pages\/26","targetHints":{"allow":["GET"]}}],"collection":[{"href":"https:\/\/www.heimat-kultur-basdorf.de\/index.php\/wp-json\/wp\/v2\/pages"}],"about":[{"href":"https:\/\/www.heimat-kultur-basdorf.de\/index.php\/wp-json\/wp\/v2\/types\/page"}],"author":[{"embeddable":true,"href":"https:\/\/www.heimat-kultur-basdorf.de\/index.php\/wp-json\/wp\/v2\/users\/1"}],"replies":[{"embeddable":true,"href":"https:\/\/www.heimat-kultur-basdorf.de\/index.php\/wp-json\/wp\/v2\/comments?post=26"}],"version-history":[{"count":3,"href":"https:\/\/www.heimat-kultur-basdorf.de\/index.php\/wp-json\/wp\/v2\/pages\/26\/revisions"}],"predecessor-version":[{"id":245,"href":"https:\/\/www.heimat-kultur-basdorf.de\/index.php\/wp-json\/wp\/v2\/pages\/26\/revisions\/245"}],"up":[{"embeddable":true,"href":"https:\/\/www.heimat-kultur-basdorf.de\/index.php\/wp-json\/wp\/v2\/pages\/16"}],"wp:attachment":[{"href":"https:\/\/www.heimat-kultur-basdorf.de\/index.php\/wp-json\/wp\/v2\/media?parent=26"}],"curies":[{"name":"wp","href":"https:\/\/api.w.org\/{rel}","templated":true}]}}