{"id":18,"date":"2024-07-21T12:01:42","date_gmt":"2024-07-21T10:01:42","guid":{"rendered":"https:\/\/wordpress.p673923.webspaceconfig.de\/?page_id=18"},"modified":"2024-08-09T15:57:11","modified_gmt":"2024-08-09T13:57:11","slug":"basdorf","status":"publish","type":"page","link":"https:\/\/www.heimat-kultur-basdorf.de\/index.php\/aus-den-ortsteilen\/basdorf\/","title":{"rendered":"Basdorf"},"content":{"rendered":"<div class=\"wpb-content-wrapper\"><p>[vc_row css_animation=&#8220;&#8220; row_type=&#8220;row&#8220; use_row_as_full_screen_section=&#8220;no&#8220; type=&#8220;full_width&#8220; angled_section=&#8220;no&#8220; text_align=&#8220;left&#8220; background_image_as_pattern=&#8220;without_pattern&#8220;][vc_column]\n\t\t\t\t<p class=\"rs-p-wp-fix\"><\/p>\n\t\t\t\t<sr7-module data-alias=\"wandlitz\" data-id=\"5\" id=\"SR7_5_1\" class=\"rs-ov-hidden\" data-version=\"6.7.14\">\n\t\t\t\t\t<sr7-adjuster><\/sr7-adjuster>\n\t\t\t\t\t<sr7-content>\n\t\t\t\t\t\t<sr7-slide id=\"SR7_5_1-25\" data-key=\"25\">\n\t\t\t\t\t\t\t<sr7-bg id=\"SR7_5_1-25-1\" class=\"sr7-layer\"><noscript><img decoding=\"async\" src=\"https:\/\/www.heimat-kultur-basdorf.de\/wp-content\/uploads\/2024\/07\/Heimat-und_Kulturverein_e_V_Wandlitz_Basdorf_Herzfoermige-Flieder_500x500Pixel.jpg\" alt=\"\" title=\"Heimat-und_Kulturverein_e_V_Wandlitz_Basdorf_Herzfo\u0308rmige-Flieder_500x500Pixel\"><\/noscript><\/sr7-bg>\n\t\t\t\t\t\t<\/sr7-slide>\n\t\t\t\t\t\t<sr7-slide id=\"SR7_5_1-36\" data-key=\"36\">\n\t\t\t\t\t\t<\/sr7-slide>\n\t\t\t\t\t\t<sr7-slide id=\"SR7_5_1-19\" data-key=\"19\">\n\t\t\t\t\t\t<\/sr7-slide>\n\t\t\t\t\t<\/sr7-content>\n\t\t\t\t\t<image_lists style=\"display:none\">\n\t\t\t\t\t\t<img data-src=\"\/\/www.heimat-kultur-basdorf.de\/wp-content\/uploads\/2024\/07\/Heimat-und_Kulturverein_e_V_Wandlitz_Basdorf_Herzfoermige-Flieder_500x500Pixel.jpg\" data-libid=\"545\" data-lib=\"medialibrary\" title=\"Heimat-und_Kulturverein_e_V_Wandlitz_Basdorf_Herzfo\u0308rmige-Flieder_500x500Pixel\" width=\"0\" height=\"0\" data-dbsrc=\"Ly93d3cuaGVpbWF0LWt1bHR1ci1iYXNkb3JmLmRlL3dwLWNvbnRlbnQvdXBsb2Fkcy8yMDI0LzA3L0hlaW1hdC11bmRfS3VsdHVydmVyZWluX2VfVl9XYW5kbGl0el9CYXNkb3JmX0hlcnpmb2VybWlnZS1GbGllZGVyXzUwMHg1MDBQaXhlbC5qcGc=\"\/>\n\t\t\t\t\t<\/image_lists>\n\t\t\t\t<\/sr7-module>\n\t\t\t\t<script>\n\t\t\t\t\tSR7.PMH ??={}; SR7.PMH[\"SR7_5_1\"] = {cn:0,state:false,fn: function() { if (_tpt!==undefined && _tpt.prepareModuleHeight !== undefined) {  _tpt.prepareModuleHeight({id:\"SR7_5_1\",el:[600,600,768,960,720],type:'standard',shdw:'0',gh:[600,600,495,376,232],gw:[1240,1240,1024,778,480],vpt:['100px'],size:{fullWidth:false, fullHeight:false},mh:'0',onh:0,onw:0,bg:{color:'{\"orig\":\"transparent\",\"type\":\"solid\",\"string\":\"transparent\"}'}});   SR7.PMH[\"SR7_5_1\"].state=true;} else if((SR7.PMH[\"SR7_5_1\"].cn++)<100)\tsetTimeout( SR7.PMH[\"SR7_5_1\"].fn,19);}};SR7.PMH[\"SR7_5_1\" ].fn();\n\t\t\t\t<\/script>\n[vc_empty_space][\/vc_column][\/vc_row][vc_row css_animation=&#8220;&#8220; row_type=&#8220;row&#8220; use_row_as_full_screen_section=&#8220;no&#8220; type=&#8220;full_width&#8220; angled_section=&#8220;no&#8220; text_align=&#8220;left&#8220; background_image_as_pattern=&#8220;without_pattern&#8220;][vc_column][vc_empty_space][vc_column_text css=&#8220;&#8220;]<\/p>\n<h1>Der Ortsteil Basdorf<\/h1>\n<p>Wandlitz ist eine amtsfreie Gemeinde im Landkreis Barnim in Brandenburg. Sie entstand am 26. Oktober 2003 durch die brandenburgische Gemeindegebietsreform aus neun urspr\u00fcnglich selbstst\u00e4ndigen Gemeinden. Die namensgebende vorherige Gemeinde Wandlitz ist ein Ortsteil der neuen Gemeinde Wandlitz.[\/vc_column_text][vc_empty_space][\/vc_column][\/vc_row][vc_row css_animation=&#8220;&#8220; row_type=&#8220;row&#8220; use_row_as_full_screen_section=&#8220;no&#8220; type=&#8220;full_width&#8220; angled_section=&#8220;no&#8220; text_align=&#8220;left&#8220; background_image_as_pattern=&#8220;without_pattern&#8220;][vc_column][vc_column_text css=&#8220;&#8220;]<\/p>\n<h1>Neues aus Basdorf<\/h1>\n<p>[\/vc_column_text]\n<div class='latest_post_holder image_on_the_left_boxed  ' >\n    <ul>\n    <li class=\"clearfix \">\n    <div class=\"latest_post\">\n        <div class=\"latest_post_image clearfix\">\n            <a itemprop=\"url\" href=\"https:\/\/www.heimat-kultur-basdorf.de\/index.php\/2024\/07\/21\/brandstiftung-am-wirkungsort-des-heimat-und-kulturvereins\/\">\n                <img loading=\"lazy\" decoding=\"async\" width=\"150\" height=\"150\" src=\"https:\/\/www.heimat-kultur-basdorf.de\/wp-content\/uploads\/2024\/07\/image6-150x150.jpeg\" class=\"attachment-thumbnail size-thumbnail\" alt=\"\" srcset=\"https:\/\/www.heimat-kultur-basdorf.de\/wp-content\/uploads\/2024\/07\/image6-150x150.jpeg 150w, https:\/\/www.heimat-kultur-basdorf.de\/wp-content\/uploads\/2024\/07\/image6-570x570.jpeg 570w, https:\/\/www.heimat-kultur-basdorf.de\/wp-content\/uploads\/2024\/07\/image6-500x500.jpeg 500w\" sizes=\"auto, (max-width: 150px) 100vw, 150px\" \/>            <\/a>\n        <\/div>\n        <div class=\"latest_post_text\">\n            <div class=\"latest_post_inner\">\n                <div class=\"latest_post_text_inner\">\n                                                            <h5 itemprop=\"name\" class=\"latest_post_title entry_title\"><a itemprop=\"url\" href=\"https:\/\/www.heimat-kultur-basdorf.de\/index.php\/2024\/07\/21\/brandstiftung-am-wirkungsort-des-heimat-und-kulturvereins\/\">Brandstiftung am Wirkungsort des Heimat- und Kulturvereins<\/a><\/h5>\n                    <p class=\"excerpt\">Der Fall zeigt eindrucksvoll, wie wichtig Gemeinschaftssinn und Solidarit\u00e4t in schwierigen Zeiten sind. Trotz des gro\u00dfen Schadens und der emotionalen Belastung bleibt die Hoffnung bestehen, dass der Heimat- und Kulturverein Wandlitz bald einen Ort f\u00fcr seine Aktivit\u00e4ten und die Gemeinschaft haben wird....<\/p>\n                    <span class=\"post_infos\">\n\n                        \n                        \n                        \n\n                    <\/span>\n                <\/div>\n            <\/div>\n        <\/div>\n    <\/div>\n<\/li>\n        <li class=\"clearfix \">\n    <div class=\"latest_post\">\n        <div class=\"latest_post_image clearfix\">\n            <a itemprop=\"url\" href=\"https:\/\/www.heimat-kultur-basdorf.de\/index.php\/2024\/10\/20\/das-war-geschichte-erleben-teil-1\/\">\n                <img loading=\"lazy\" decoding=\"async\" width=\"150\" height=\"150\" src=\"https:\/\/www.heimat-kultur-basdorf.de\/wp-content\/uploads\/2024\/10\/IMG_0327-150x150.jpeg\" class=\"attachment-thumbnail size-thumbnail\" alt=\"\" srcset=\"https:\/\/www.heimat-kultur-basdorf.de\/wp-content\/uploads\/2024\/10\/IMG_0327-150x150.jpeg 150w, https:\/\/www.heimat-kultur-basdorf.de\/wp-content\/uploads\/2024\/10\/IMG_0327-570x570.jpeg 570w, https:\/\/www.heimat-kultur-basdorf.de\/wp-content\/uploads\/2024\/10\/IMG_0327-500x500.jpeg 500w, https:\/\/www.heimat-kultur-basdorf.de\/wp-content\/uploads\/2024\/10\/IMG_0327-1000x1000.jpeg 1000w\" sizes=\"auto, (max-width: 150px) 100vw, 150px\" \/>            <\/a>\n        <\/div>\n        <div class=\"latest_post_text\">\n            <div class=\"latest_post_inner\">\n                <div class=\"latest_post_text_inner\">\n                                                            <h5 itemprop=\"name\" class=\"latest_post_title entry_title\"><a itemprop=\"url\" href=\"https:\/\/www.heimat-kultur-basdorf.de\/index.php\/2024\/10\/20\/das-war-geschichte-erleben-teil-1\/\">Das war: GESCHICHTE ERLEBEN &#8211; TEIL 1<\/a><\/h5>\n                    <p class=\"excerpt\">Wir hatten ein unvergessliches Initialfest des Heimat- und Kulturvereins e.V.. \"Geschichte erleben - Teil 1\" hat seinem Namen alle Ehre gemacht und wir machen weiter. Versprochen. ...<\/p>\n                    <span class=\"post_infos\">\n\n                        \n                        \n                        \n\n                    <\/span>\n                <\/div>\n            <\/div>\n        <\/div>\n    <\/div>\n<\/li>\n        <li class=\"clearfix \">\n    <div class=\"latest_post\">\n        <div class=\"latest_post_image clearfix\">\n            <a itemprop=\"url\" href=\"https:\/\/www.heimat-kultur-basdorf.de\/index.php\/2024\/10\/09\/geschichte-erleben-teil-1\/\">\n                <img loading=\"lazy\" decoding=\"async\" width=\"150\" height=\"150\" src=\"https:\/\/www.heimat-kultur-basdorf.de\/wp-content\/uploads\/2024\/07\/IMG_7673-150x150.jpg\" class=\"attachment-thumbnail size-thumbnail\" alt=\"\" srcset=\"https:\/\/www.heimat-kultur-basdorf.de\/wp-content\/uploads\/2024\/07\/IMG_7673-150x150.jpg 150w, https:\/\/www.heimat-kultur-basdorf.de\/wp-content\/uploads\/2024\/07\/IMG_7673-570x570.jpg 570w, https:\/\/www.heimat-kultur-basdorf.de\/wp-content\/uploads\/2024\/07\/IMG_7673-500x500.jpg 500w, https:\/\/www.heimat-kultur-basdorf.de\/wp-content\/uploads\/2024\/07\/IMG_7673-1000x1000.jpg 1000w\" sizes=\"auto, (max-width: 150px) 100vw, 150px\" \/>            <\/a>\n        <\/div>\n        <div class=\"latest_post_text\">\n            <div class=\"latest_post_inner\">\n                <div class=\"latest_post_text_inner\">\n                                                            <h5 itemprop=\"name\" class=\"latest_post_title entry_title\"><a itemprop=\"url\" href=\"https:\/\/www.heimat-kultur-basdorf.de\/index.php\/2024\/10\/09\/geschichte-erleben-teil-1\/\">GESCHICHTE ERLEBEN &#8211; TEIL 1<\/a><\/h5>\n                    <p class=\"excerpt\">Wir pr\u00e4sentieren stolz unser Initialfest des Heimat-und Kulturvereins e.V.. Mit einer Kunstperformance laden wir Euch sehr herzlich auf die Festwiese der Basdorfer G\u00e4rten und zwar am MITTWOCH, \u00a0den 16. OKTOBER 2024 von 10 bis 16 Uhr.\u00a0...<\/p>\n                    <span class=\"post_infos\">\n\n                        \n                        \n                        \n\n                    <\/span>\n                <\/div>\n            <\/div>\n        <\/div>\n    <\/div>\n<\/li>\n        <li class=\"clearfix \">\n    <div class=\"latest_post\">\n        <div class=\"latest_post_image clearfix\">\n            <a itemprop=\"url\" href=\"https:\/\/www.heimat-kultur-basdorf.de\/index.php\/2024\/10\/06\/ortschronistinnen-und-ortschronisten-gesucht\/\">\n                <img loading=\"lazy\" decoding=\"async\" width=\"150\" height=\"150\" src=\"https:\/\/www.heimat-kultur-basdorf.de\/wp-content\/uploads\/2024\/10\/Heimat-und_Kulturverein_e_V_Wandlitz_Basdorf_Logo_500x500Pixel-150x150.jpg\" class=\"attachment-thumbnail size-thumbnail\" alt=\"\" srcset=\"https:\/\/www.heimat-kultur-basdorf.de\/wp-content\/uploads\/2024\/10\/Heimat-und_Kulturverein_e_V_Wandlitz_Basdorf_Logo_500x500Pixel-150x150.jpg 150w, https:\/\/www.heimat-kultur-basdorf.de\/wp-content\/uploads\/2024\/10\/Heimat-und_Kulturverein_e_V_Wandlitz_Basdorf_Logo_500x500Pixel-300x300.jpg 300w, https:\/\/www.heimat-kultur-basdorf.de\/wp-content\/uploads\/2024\/10\/Heimat-und_Kulturverein_e_V_Wandlitz_Basdorf_Logo_500x500Pixel.jpg 500w\" sizes=\"auto, (max-width: 150px) 100vw, 150px\" \/>            <\/a>\n        <\/div>\n        <div class=\"latest_post_text\">\n            <div class=\"latest_post_inner\">\n                <div class=\"latest_post_text_inner\">\n                                                            <h5 itemprop=\"name\" class=\"latest_post_title entry_title\"><a itemprop=\"url\" href=\"https:\/\/www.heimat-kultur-basdorf.de\/index.php\/2024\/10\/06\/ortschronistinnen-und-ortschronisten-gesucht\/\">ORTSCHRONISTINNEN UND ORTSCHRONISTEN GESUCHT<\/a><\/h5>\n                    <p class=\"excerpt\">Was wisst Ihr aus Euren Ortsteilen? Kleine wie gro\u00dfe Geschichten m\u00f6chten wir hier zusammen tragen und f\u00fcr die \u00d6ffentlichkeit sichtbar machen. Seid Ihr bereits in der Gemeinde aktiv...<\/p>\n                    <span class=\"post_infos\">\n\n                        \n                        \n                        \n\n                    <\/span>\n                <\/div>\n            <\/div>\n        <\/div>\n    <\/div>\n<\/li>\n        <li class=\"clearfix \">\n    <div class=\"latest_post\">\n        <div class=\"latest_post_image clearfix\">\n            <a itemprop=\"url\" href=\"https:\/\/www.heimat-kultur-basdorf.de\/index.php\/2024\/07\/30\/repaircafe-fahrraeder-unter-der-lupe\/\">\n                <img loading=\"lazy\" decoding=\"async\" width=\"150\" height=\"150\" src=\"https:\/\/www.heimat-kultur-basdorf.de\/wp-content\/uploads\/2024\/07\/IMG_8010-150x150.jpg\" class=\"attachment-thumbnail size-thumbnail\" alt=\"\" srcset=\"https:\/\/www.heimat-kultur-basdorf.de\/wp-content\/uploads\/2024\/07\/IMG_8010-150x150.jpg 150w, https:\/\/www.heimat-kultur-basdorf.de\/wp-content\/uploads\/2024\/07\/IMG_8010-570x570.jpg 570w, https:\/\/www.heimat-kultur-basdorf.de\/wp-content\/uploads\/2024\/07\/IMG_8010-500x500.jpg 500w, https:\/\/www.heimat-kultur-basdorf.de\/wp-content\/uploads\/2024\/07\/IMG_8010-1000x1000.jpg 1000w\" sizes=\"auto, (max-width: 150px) 100vw, 150px\" \/>            <\/a>\n        <\/div>\n        <div class=\"latest_post_text\">\n            <div class=\"latest_post_inner\">\n                <div class=\"latest_post_text_inner\">\n                                                            <h5 itemprop=\"name\" class=\"latest_post_title entry_title\"><a itemprop=\"url\" href=\"https:\/\/www.heimat-kultur-basdorf.de\/index.php\/2024\/07\/30\/repaircafe-fahrraeder-unter-der-lupe\/\">Repaircaf\u00e9 &#8211; Fahrr\u00e4der unter der Lupe<\/a><\/h5>\n                    <p class=\"excerpt\">PROJEKTIDEE! Immer am Freitag Nachmittag k\u00fcmmern sich zwei Vereinsmitglieder um die Fahrr\u00e4der, die ihnen so angeschleppt werden. Ob Plattfu\u00df, rostige Kette oder klapperndes Schutzblech...<\/p>\n                    <span class=\"post_infos\">\n\n                        \n                        \n                        \n\n                    <\/span>\n                <\/div>\n            <\/div>\n        <\/div>\n    <\/div>\n<\/li>\n        <li class=\"clearfix \">\n    <div class=\"latest_post\">\n        <div class=\"latest_post_image clearfix\">\n            <a itemprop=\"url\" href=\"https:\/\/www.heimat-kultur-basdorf.de\/index.php\/2024\/07\/30\/sommerfest-am-7-september-2024-ab-14-uhr-in-den-basdorfer-gaerten\/\">\n                <img loading=\"lazy\" decoding=\"async\" width=\"150\" height=\"150\" src=\"https:\/\/www.heimat-kultur-basdorf.de\/wp-content\/uploads\/2024\/07\/Heimat-und_Kulturverein_e_V_Wandlitz_Basdorf_Sommerfest_2024_Flyer_500x500Pixel-150x150.jpg\" class=\"attachment-thumbnail size-thumbnail\" alt=\"\" srcset=\"https:\/\/www.heimat-kultur-basdorf.de\/wp-content\/uploads\/2024\/07\/Heimat-und_Kulturverein_e_V_Wandlitz_Basdorf_Sommerfest_2024_Flyer_500x500Pixel-150x150.jpg 150w, https:\/\/www.heimat-kultur-basdorf.de\/wp-content\/uploads\/2024\/07\/Heimat-und_Kulturverein_e_V_Wandlitz_Basdorf_Sommerfest_2024_Flyer_500x500Pixel-300x300.jpg 300w, https:\/\/www.heimat-kultur-basdorf.de\/wp-content\/uploads\/2024\/07\/Heimat-und_Kulturverein_e_V_Wandlitz_Basdorf_Sommerfest_2024_Flyer_500x500Pixel.jpg 500w\" sizes=\"auto, (max-width: 150px) 100vw, 150px\" \/>            <\/a>\n        <\/div>\n        <div class=\"latest_post_text\">\n            <div class=\"latest_post_inner\">\n                <div class=\"latest_post_text_inner\">\n                                                            <h5 itemprop=\"name\" class=\"latest_post_title entry_title\"><a itemprop=\"url\" href=\"https:\/\/www.heimat-kultur-basdorf.de\/index.php\/2024\/07\/30\/sommerfest-am-7-september-2024-ab-14-uhr-in-den-basdorfer-gaerten\/\">SOMMERFEST am 7. September 2024 ab 14 Uhr in den Basdorfer G\u00e4rten<\/a><\/h5>\n                    <p class=\"excerpt\">Wir sind total aufgeregt und stolz: Schlie\u00dflich pr\u00e4sentieren wir unsere erste gro\u00dfe Sause mit der gro\u00dfartigen Initiative \"Wandlitz zeigt Haltung\" und dem VVN-BdA (Verein Verfolgter des Naziregimes-Bund der Antifaschistinnen und Antifaschisten. Kommt alle...<\/p>\n                    <span class=\"post_infos\">\n\n                        \n                        \n                        \n\n                    <\/span>\n                <\/div>\n            <\/div>\n        <\/div>\n    <\/div>\n<\/li>\n        <li class=\"clearfix \">\n    <div class=\"latest_post\">\n        <div class=\"latest_post_image clearfix\">\n            <a itemprop=\"url\" href=\"https:\/\/www.heimat-kultur-basdorf.de\/index.php\/2024\/10\/06\/zeitzeuginnen-und-zeitzeugen-gesucht\/\">\n                <img loading=\"lazy\" decoding=\"async\" width=\"150\" height=\"150\" src=\"https:\/\/www.heimat-kultur-basdorf.de\/wp-content\/uploads\/2024\/10\/IMG_8624-150x150.jpeg\" class=\"attachment-thumbnail size-thumbnail\" alt=\"\" srcset=\"https:\/\/www.heimat-kultur-basdorf.de\/wp-content\/uploads\/2024\/10\/IMG_8624-150x150.jpeg 150w, https:\/\/www.heimat-kultur-basdorf.de\/wp-content\/uploads\/2024\/10\/IMG_8624-570x570.jpeg 570w, https:\/\/www.heimat-kultur-basdorf.de\/wp-content\/uploads\/2024\/10\/IMG_8624-500x500.jpeg 500w, https:\/\/www.heimat-kultur-basdorf.de\/wp-content\/uploads\/2024\/10\/IMG_8624-1000x1000.jpeg 1000w\" sizes=\"auto, (max-width: 150px) 100vw, 150px\" \/>            <\/a>\n        <\/div>\n        <div class=\"latest_post_text\">\n            <div class=\"latest_post_inner\">\n                <div class=\"latest_post_text_inner\">\n                                                            <h5 itemprop=\"name\" class=\"latest_post_title entry_title\"><a itemprop=\"url\" href=\"https:\/\/www.heimat-kultur-basdorf.de\/index.php\/2024\/10\/06\/zeitzeuginnen-und-zeitzeugen-gesucht\/\">ZEITZEUGINNEN UND ZEITZEUGEN GESUCHT<\/a><\/h5>\n                    <p class=\"excerpt\">Unser Verein wird von den Einwohnerinnen und Einwohnern getragen. Uns ist es wichtig, die Geschichte der Gemeinde St\u00fcck f\u00fcr St\u00fcck aufzuarbeiten und mit Leben zu f\u00fcllen. Daher suchen wir Euch! Einerseits zum Mitmachen, andererseits als wichtige Zeitzeugen unserer Gemeinde....<\/p>\n                    <span class=\"post_infos\">\n\n                        \n                        \n                        \n\n                    <\/span>\n                <\/div>\n            <\/div>\n        <\/div>\n    <\/div>\n<\/li>\n        \n    <\/ul>\n<\/div>[\/vc_column][\/vc_row][vc_row css_animation=&#8220;&#8220; row_type=&#8220;row&#8220; use_row_as_full_screen_section=&#8220;no&#8220; type=&#8220;full_width&#8220; angled_section=&#8220;no&#8220; text_align=&#8220;left&#8220; background_image_as_pattern=&#8220;without_pattern&#8220;][vc_column][vc_empty_space height=&#8220;60px&#8220;][\/vc_column][\/vc_row]<\/p>\n<\/div>","protected":false},"excerpt":{"rendered":"<p>[vc_row css_animation=&#8220;&#8220; row_type=&#8220;row&#8220; use_row_as_full_screen_section=&#8220;no&#8220; type=&#8220;full_width&#8220; angled_section=&#8220;no&#8220; text_align=&#8220;left&#8220; background_image_as_pattern=&#8220;without_pattern&#8220;][vc_column][vc_empty_space][\/vc_column][\/vc_row][vc_row css_animation=&#8220;&#8220; row_type=&#8220;row&#8220; use_row_as_full_screen_section=&#8220;no&#8220; type=&#8220;full_width&#8220; angled_section=&#8220;no&#8220; text_align=&#8220;left&#8220; background_image_as_pattern=&#8220;without_pattern&#8220;][vc_column][vc_empty_space][vc_column_text css=&#8220;&#8220;] Der Ortsteil Basdorf Wandlitz ist eine amtsfreie Gemeinde im Landkreis Barnim in Brandenburg. Sie entstand am 26. Oktober 2003 durch die brandenburgische Gemeindegebietsreform aus neun urspr\u00fcnglich selbstst\u00e4ndigen Gemeinden. Die&#8230;<\/p>\n","protected":false},"author":1,"featured_media":0,"parent":16,"menu_order":0,"comment_status":"closed","ping_status":"closed","template":"","meta":{"footnotes":""},"class_list":["post-18","page","type-page","status-publish","hentry"],"_links":{"self":[{"href":"https:\/\/www.heimat-kultur-basdorf.de\/index.php\/wp-json\/wp\/v2\/pages\/18","targetHints":{"allow":["GET"]}}],"collection":[{"href":"https:\/\/www.heimat-kultur-basdorf.de\/index.php\/wp-json\/wp\/v2\/pages"}],"about":[{"href":"https:\/\/www.heimat-kultur-basdorf.de\/index.php\/wp-json\/wp\/v2\/types\/page"}],"author":[{"embeddable":true,"href":"https:\/\/www.heimat-kultur-basdorf.de\/index.php\/wp-json\/wp\/v2\/users\/1"}],"replies":[{"embeddable":true,"href":"https:\/\/www.heimat-kultur-basdorf.de\/index.php\/wp-json\/wp\/v2\/comments?post=18"}],"version-history":[{"count":6,"href":"https:\/\/www.heimat-kultur-basdorf.de\/index.php\/wp-json\/wp\/v2\/pages\/18\/revisions"}],"predecessor-version":[{"id":389,"href":"https:\/\/www.heimat-kultur-basdorf.de\/index.php\/wp-json\/wp\/v2\/pages\/18\/revisions\/389"}],"up":[{"embeddable":true,"href":"https:\/\/www.heimat-kultur-basdorf.de\/index.php\/wp-json\/wp\/v2\/pages\/16"}],"wp:attachment":[{"href":"https:\/\/www.heimat-kultur-basdorf.de\/index.php\/wp-json\/wp\/v2\/media?parent=18"}],"curies":[{"name":"wp","href":"https:\/\/api.w.org\/{rel}","templated":true}]}}