{"id":16,"date":"2024-07-21T12:00:30","date_gmt":"2024-07-21T10:00:30","guid":{"rendered":"https:\/\/wordpress.p673923.webspaceconfig.de\/?page_id=16"},"modified":"2024-07-24T16:04:33","modified_gmt":"2024-07-24T14:04:33","slug":"aus-den-ortsteilen","status":"publish","type":"page","link":"https:\/\/www.heimat-kultur-basdorf.de\/index.php\/aus-den-ortsteilen\/","title":{"rendered":"Aus den Orten"},"content":{"rendered":"<div class=\"wpb-content-wrapper\"><p>[vc_row css_animation=&#8220;&#8220; row_type=&#8220;row&#8220; use_row_as_full_screen_section=&#8220;no&#8220; type=&#8220;full_width&#8220; angled_section=&#8220;no&#8220; text_align=&#8220;left&#8220; background_image_as_pattern=&#8220;without_pattern&#8220;][vc_column]\n\t\t\t\t<p class=\"rs-p-wp-fix\"><\/p>\n\t\t\t\t<sr7-module data-alias=\"wandlitz\" data-id=\"5\" id=\"SR7_5_1\" class=\"rs-ov-hidden\" data-version=\"6.7.14\">\n\t\t\t\t\t<sr7-adjuster><\/sr7-adjuster>\n\t\t\t\t\t<sr7-content>\n\t\t\t\t\t\t<sr7-slide id=\"SR7_5_1-25\" data-key=\"25\">\n\t\t\t\t\t\t\t<sr7-bg id=\"SR7_5_1-25-1\" class=\"sr7-layer\"><noscript><img decoding=\"async\" src=\"https:\/\/www.heimat-kultur-basdorf.de\/wp-content\/uploads\/2024\/07\/Heimat-und_Kulturverein_e_V_Wandlitz_Basdorf_Herzfoermige-Flieder_500x500Pixel.jpg\" alt=\"\" title=\"Heimat-und_Kulturverein_e_V_Wandlitz_Basdorf_Herzfo\u0308rmige-Flieder_500x500Pixel\"><\/noscript><\/sr7-bg>\n\t\t\t\t\t\t<\/sr7-slide>\n\t\t\t\t\t\t<sr7-slide id=\"SR7_5_1-36\" data-key=\"36\">\n\t\t\t\t\t\t<\/sr7-slide>\n\t\t\t\t\t\t<sr7-slide id=\"SR7_5_1-19\" data-key=\"19\">\n\t\t\t\t\t\t<\/sr7-slide>\n\t\t\t\t\t<\/sr7-content>\n\t\t\t\t\t<image_lists style=\"display:none\">\n\t\t\t\t\t\t<img data-src=\"\/\/www.heimat-kultur-basdorf.de\/wp-content\/uploads\/2024\/07\/Heimat-und_Kulturverein_e_V_Wandlitz_Basdorf_Herzfoermige-Flieder_500x500Pixel.jpg\" data-libid=\"545\" data-lib=\"medialibrary\" title=\"Heimat-und_Kulturverein_e_V_Wandlitz_Basdorf_Herzfo\u0308rmige-Flieder_500x500Pixel\" width=\"0\" height=\"0\" data-dbsrc=\"Ly93d3cuaGVpbWF0LWt1bHR1ci1iYXNkb3JmLmRlL3dwLWNvbnRlbnQvdXBsb2Fkcy8yMDI0LzA3L0hlaW1hdC11bmRfS3VsdHVydmVyZWluX2VfVl9XYW5kbGl0el9CYXNkb3JmX0hlcnpmb2VybWlnZS1GbGllZGVyXzUwMHg1MDBQaXhlbC5qcGc=\"\/>\n\t\t\t\t\t<\/image_lists>\n\t\t\t\t<\/sr7-module>\n\t\t\t\t<script>\n\t\t\t\t\tSR7.PMH ??={}; SR7.PMH[\"SR7_5_1\"] = {cn:0,state:false,fn: function() { if (_tpt!==undefined && _tpt.prepareModuleHeight !== undefined) {  _tpt.prepareModuleHeight({id:\"SR7_5_1\",el:[600,600,768,960,720],type:'standard',shdw:'0',gh:[600,600,495,376,232],gw:[1240,1240,1024,778,480],vpt:['100px'],size:{fullWidth:false, fullHeight:false},mh:'0',onh:0,onw:0,bg:{color:'{\"orig\":\"transparent\",\"type\":\"solid\",\"string\":\"transparent\"}'}});   SR7.PMH[\"SR7_5_1\"].state=true;} else if((SR7.PMH[\"SR7_5_1\"].cn++)<100)\tsetTimeout( SR7.PMH[\"SR7_5_1\"].fn,19);}};SR7.PMH[\"SR7_5_1\" ].fn();\n\t\t\t\t<\/script>\n[vc_empty_space][\/vc_column][\/vc_row][vc_row css_animation=&#8220;&#8220; row_type=&#8220;row&#8220; use_row_as_full_screen_section=&#8220;no&#8220; type=&#8220;full_width&#8220; angled_section=&#8220;no&#8220; text_align=&#8220;left&#8220; background_image_as_pattern=&#8220;without_pattern&#8220;][vc_column][vc_empty_space][vc_column_text css=&#8220;&#8220;]<\/p>\n<h1>Ortschroniken der Gemeinde Wandlitz<\/h1>\n<p>Wir rufen die Ortschronistinnen und Ortschronisten der Gemeinde Wandlitz auf, sich zu vernetzen und bieten die M\u00f6glichkeit, ihre Erfahrungen und ihr Wissen auszutauschen und der \u00d6ffentlichkeit in breitem Rahmen zug\u00e4nglich zu machen.[\/vc_column_text][vc_empty_space][\/vc_column][\/vc_row][vc_row css_animation=&#8220;&#8220; row_type=&#8220;row&#8220; use_row_as_full_screen_section=&#8220;no&#8220; type=&#8220;full_width&#8220; angled_section=&#8220;no&#8220; text_align=&#8220;left&#8220; background_image_as_pattern=&#8220;without_pattern&#8220;][vc_column][vc_column_text css=&#8220;&#8220;]<\/p>\n<h1>Vernetzung, Zusammenarbeit,St\u00e4rkung, Sichtbarmachung<\/h1>\n<p>Heimat- und Kulturverein e.V. der Gemeinde Wandlitz m\u00f6chte zur Aufarbeitung der Geschichte beitragen und daf\u00fcr brauchen wir eine breite \u00d6ffentlichkeit, die Geschichten der Menschen vor Ort und das Ged\u00e4chtnis der\u00a0 Ortschroniken.<\/p>\n<p><strong>Schreiben Sie uns:<\/strong><br \/>\n<a href=\"mailto:josieruecker@web.de\">josieruecker@web.de<\/a><br \/>\n<a href=\"http:\/\/www.heimat-kultur-basdorf.de\">www.heimat-kultur-basdorf.de<\/a>[\/vc_column_text][\/vc_column][\/vc_row][vc_row css_animation=&#8220;&#8220; row_type=&#8220;row&#8220; use_row_as_full_screen_section=&#8220;no&#8220; type=&#8220;full_width&#8220; angled_section=&#8220;no&#8220; text_align=&#8220;left&#8220; background_image_as_pattern=&#8220;without_pattern&#8220;][vc_column][vc_empty_space height=&#8220;60px&#8220;][\/vc_column][\/vc_row]<\/p>\n<\/div>","protected":false},"excerpt":{"rendered":"<p>[vc_row css_animation=&#8220;&#8220; row_type=&#8220;row&#8220; use_row_as_full_screen_section=&#8220;no&#8220; type=&#8220;full_width&#8220; angled_section=&#8220;no&#8220; text_align=&#8220;left&#8220; background_image_as_pattern=&#8220;without_pattern&#8220;][vc_column][vc_empty_space][\/vc_column][\/vc_row][vc_row css_animation=&#8220;&#8220; row_type=&#8220;row&#8220; use_row_as_full_screen_section=&#8220;no&#8220; type=&#8220;full_width&#8220; angled_section=&#8220;no&#8220; text_align=&#8220;left&#8220; background_image_as_pattern=&#8220;without_pattern&#8220;][vc_column][vc_empty_space][vc_column_text css=&#8220;&#8220;] Ortschroniken der Gemeinde Wandlitz Wir rufen die Ortschronistinnen und Ortschronisten der Gemeinde Wandlitz auf, sich zu vernetzen und bieten die M\u00f6glichkeit, ihre Erfahrungen und ihr Wissen auszutauschen und der&#8230;<\/p>\n","protected":false},"author":1,"featured_media":0,"parent":0,"menu_order":0,"comment_status":"closed","ping_status":"closed","template":"","meta":{"footnotes":""},"class_list":["post-16","page","type-page","status-publish","hentry"],"_links":{"self":[{"href":"https:\/\/www.heimat-kultur-basdorf.de\/index.php\/wp-json\/wp\/v2\/pages\/16","targetHints":{"allow":["GET"]}}],"collection":[{"href":"https:\/\/www.heimat-kultur-basdorf.de\/index.php\/wp-json\/wp\/v2\/pages"}],"about":[{"href":"https:\/\/www.heimat-kultur-basdorf.de\/index.php\/wp-json\/wp\/v2\/types\/page"}],"author":[{"embeddable":true,"href":"https:\/\/www.heimat-kultur-basdorf.de\/index.php\/wp-json\/wp\/v2\/users\/1"}],"replies":[{"embeddable":true,"href":"https:\/\/www.heimat-kultur-basdorf.de\/index.php\/wp-json\/wp\/v2\/comments?post=16"}],"version-history":[{"count":8,"href":"https:\/\/www.heimat-kultur-basdorf.de\/index.php\/wp-json\/wp\/v2\/pages\/16\/revisions"}],"predecessor-version":[{"id":231,"href":"https:\/\/www.heimat-kultur-basdorf.de\/index.php\/wp-json\/wp\/v2\/pages\/16\/revisions\/231"}],"wp:attachment":[{"href":"https:\/\/www.heimat-kultur-basdorf.de\/index.php\/wp-json\/wp\/v2\/media?parent=16"}],"curies":[{"name":"wp","href":"https:\/\/api.w.org\/{rel}","templated":true}]}}