{"id":14,"date":"2024-07-21T12:00:13","date_gmt":"2024-07-21T10:00:13","guid":{"rendered":"https:\/\/wordpress.p673923.webspaceconfig.de\/?page_id=14"},"modified":"2025-11-07T11:06:54","modified_gmt":"2025-11-07T10:06:54","slug":"vorstand","status":"publish","type":"page","link":"https:\/\/www.heimat-kultur-basdorf.de\/index.php\/vorstand\/","title":{"rendered":"Vorstand"},"content":{"rendered":"<div class=\"wpb-content-wrapper\"><p>[vc_row css_animation=&#8220;&#8220; row_type=&#8220;row&#8220; use_row_as_full_screen_section=&#8220;no&#8220; type=&#8220;grid&#8220; angled_section=&#8220;no&#8220; text_align=&#8220;left&#8220; background_image_as_pattern=&#8220;without_pattern&#8220; z_index=&#8220;&#8220;][vc_column]\n\t\t\t\t<p class=\"rs-p-wp-fix\"><\/p>\n\t\t\t\t<sr7-module data-alias=\"vorstand\" data-id=\"2\" id=\"SR7_2_1\" class=\"rs-ov-hidden\" data-version=\"6.7.14\">\n\t\t\t\t\t<sr7-adjuster><\/sr7-adjuster>\n\t\t\t\t\t<sr7-content>\n\t\t\t\t\t\t<sr7-slide id=\"SR7_2_1-5\" data-key=\"5\">\n\t\t\t\t\t\t\t<sr7-bg id=\"SR7_2_1-5-1\" class=\"sr7-layer\"><noscript><img decoding=\"async\" src=\"https:\/\/www.heimat-kultur-basdorf.de\/wp-content\/uploads\/2024\/08\/VorstandNeu.jpg\" alt=\"\" title=\"VorstandNeu\"><\/noscript><\/sr7-bg>\n\t\t\t\t\t\t<\/sr7-slide>\n\t\t\t\t\t\t<sr7-slide id=\"SR7_2_1-8\" data-key=\"8\">\n\t\t\t\t\t\t<\/sr7-slide>\n\t\t\t\t\t<\/sr7-content>\n\t\t\t\t\t<image_lists style=\"display:none\">\n\t\t\t\t\t\t<img data-src=\"\/\/www.heimat-kultur-basdorf.de\/wp-content\/uploads\/2024\/08\/VorstandNeu.jpg\" data-libid=\"351\" data-lib=\"medialibrary\" title=\"VorstandNeu\" width=\"0\" height=\"0\" data-dbsrc=\"Ly93d3cuaGVpbWF0LWt1bHR1ci1iYXNkb3JmLmRlL3dwLWNvbnRlbnQvdXBsb2Fkcy8yMDI0LzA4L1ZvcnN0YW5kTmV1LmpwZw==\"\/>\n\t\t\t\t\t<\/image_lists>\n\t\t\t\t<\/sr7-module>\n\t\t\t\t<script>\n\t\t\t\t\tSR7.PMH ??={}; SR7.PMH[\"SR7_2_1\"] = {cn:0,state:false,fn: function() { if (_tpt!==undefined && _tpt.prepareModuleHeight !== undefined) {  _tpt.prepareModuleHeight({id:\"SR7_2_1\",el:[600,600,768,960,720],type:'standard',shdw:'0',gh:[600,600,495,376,232],gw:[1240,1240,1024,778,480],vpt:['100px'],size:{fullWidth:false, fullHeight:false},mh:'0',onh:0,onw:0,bg:{color:'{\"orig\":\"transparent\",\"type\":\"solid\",\"string\":\"transparent\"}'}});   SR7.PMH[\"SR7_2_1\"].state=true;} else if((SR7.PMH[\"SR7_2_1\"].cn++)<100)\tsetTimeout( SR7.PMH[\"SR7_2_1\"].fn,19);}};SR7.PMH[\"SR7_2_1\" ].fn();\n\t\t\t\t<\/script>\n[vc_empty_space][vc_column_text css=&#8220;&#8220;]Der Heimat- und Kulturverein e.V. besteht aus Mitgliedern der Gemeinde, die sich f\u00fcr ein Miteinander einsetzen.<br \/>\nZum Vorstand geh\u00f6ren<br \/>\n(v.l.) Walter Seger, Isabelle Czok-Alm, Peter Liebehenschel, Astrid Schaefer, Josie R\u00fccker.[\/vc_column_text][vc_empty_space]<a  itemprop=\"url\" href=\"https:\/\/www.heimat-kultur-basdorf.de\/wp-content\/uploads\/2025\/11\/2025_07_10_Aktuelle_Satzung_mit_Aend.pdf\" target=\"_blank\" data-hover-background-color='#f3b32e' data-hover-color='#ffffff' class=\"qbutton  medium default\" style=\"color: #000000; \">Satzung herunterladen<i class=\"qode_icon_font_awesome fa fa-book qode_button_icon_element\" style=\"\" ><\/i><\/a>[vc_empty_space][vc_column_text css=&#8220;&#8220;]<\/p>\n<h1>Der Vorstand<\/h1>\n<p>[\/vc_column_text][vc_empty_space][\/vc_column][\/vc_row][vc_row css_animation=&#8220;&#8220; row_type=&#8220;row&#8220; use_row_as_full_screen_section=&#8220;no&#8220; type=&#8220;grid&#8220; angled_section=&#8220;no&#8220; text_align=&#8220;left&#8220; background_image_as_pattern=&#8220;without_pattern&#8220; z_index=&#8220;&#8220;][vc_column width=&#8220;1\/4&#8243;][vc_single_image image=&#8220;121&#8243; img_size=&#8220;300&#215;400&#8243; css=&#8220;&#8220; qode_css_animation=&#8220;&#8220;][\/vc_column][vc_column width=&#8220;3\/4&#8243;][vc_column_text css=&#8220;&#8220;]<\/p>\n<h2>Josie R\u00fccker<\/h2>\n<p>Geboren in Berlin, aufgewachsen in Biesenthal<br \/>\nSeit 2017 in Basdorf<br \/>\nStudium Diplomkamera an der Deutschen Film- und Fernsehakademie in Berlin<\/p>\n<p>Arbeit als Kamerafrau, Dokumentarfilmerin, K\u00fcnstlerin, Kunstvermittlerin und jetzt: Redakteurin im M\u00e4rkischen Medienhaus (MMH)<br \/>\nMama von drei Kindern<\/p>\n<p>&nbsp;<\/p>\n<p><strong>Ausstellungen, Ver\u00f6ffentlichungen<br \/>\n<\/strong>2004: \u201eWilhelm der Sch\u00e4fer\u201c, 27min., Super16, u.a. F\u00f6rderpreis Filmwoche Duisburg<br \/>\n2013: \u201eBrandenburger Portr\u00e4ts\u201c, schwarz\/wei\u00df Portr\u00e4ts<br \/>\n2019: \u201eDie Kinder der Orama\u201c \u2013 Galerie Bernau, Landtag Brandenburg, Neues Seminarhaus des j\u00fcdischen Museums Schwedt\/Oder[\/vc_column_text][vc_empty_space][\/vc_column][\/vc_row][vc_row css_animation=&#8220;&#8220; row_type=&#8220;row&#8220; use_row_as_full_screen_section=&#8220;no&#8220; type=&#8220;grid&#8220; angled_section=&#8220;no&#8220; text_align=&#8220;left&#8220; background_image_as_pattern=&#8220;without_pattern&#8220; z_index=&#8220;&#8220;][vc_column][vc_separator css_animation=&#8220;bounceIn&#8220; type=&#8220;normal&#8220; gradient_color=&#8220;yes&#8220; color=&#8220;#3d3d3d&#8220; thickness=&#8220;1&#8243; up=&#8220;20&#8243; down=&#8220;20&#8243;][vc_empty_space][\/vc_column][\/vc_row][vc_row css_animation=&#8220;&#8220; row_type=&#8220;row&#8220; use_row_as_full_screen_section=&#8220;no&#8220; type=&#8220;grid&#8220; angled_section=&#8220;no&#8220; text_align=&#8220;left&#8220; background_image_as_pattern=&#8220;without_pattern&#8220; z_index=&#8220;&#8220;][vc_column width=&#8220;1\/4&#8243;][vc_single_image image=&#8220;118&#8243; img_size=&#8220;300&#215;400&#8243; css=&#8220;&#8220; qode_css_animation=&#8220;&#8220;][\/vc_column][vc_column width=&#8220;3\/4&#8243;][vc_column_text css=&#8220;&#8220;]<\/p>\n<h2>Peter Liebehenschel<\/h2>\n<p style=\"font-weight: 400;\">Geboren am 28.01.1947 in Gro\u00df-Pankow Ostprignitz.<\/p>\n<p style=\"font-weight: 400;\">Seit 1970 mit der selben Frau verheiratet.<\/p>\n<p style=\"font-weight: 400;\">2 Kinder 5 Enkelkinder 2 Urenkel<\/p>\n<p style=\"font-weight: 400;\">Lehre als Universalschleifer, Studium an der Ing.Schule Hennigsdorf Abschluss: Ingenieur f\u00fcr Werkstofftechnik und Materialpr\u00fcfung.<\/p>\n<p style=\"font-weight: 400;\">Seit der Wende in der Kommunalpolitik aktiv .1990 B\u00fcrgermeister von Basdorf und nach der Gemeindegebietsreform Ortsvorsteher von Basdorf, bis 2024.<\/p>\n<p style=\"font-weight: 400;\">Mitglied in der GV Basdorf und dem Ortsbeirat Basdorf.<\/p>\n<p style=\"font-weight: 400;\">Vereine :<\/p>\n<p style=\"font-weight: 400;\">Heimat und Kulturverein<\/p>\n<p style=\"font-weight: 400;\">Basdorfer Leben<\/p>\n<p style=\"font-weight: 400;\">Brassens in Basdorf<\/p>\n<p>[\/vc_column_text][vc_empty_space][\/vc_column][\/vc_row][vc_row css_animation=&#8220;&#8220; row_type=&#8220;row&#8220; use_row_as_full_screen_section=&#8220;no&#8220; type=&#8220;grid&#8220; angled_section=&#8220;no&#8220; text_align=&#8220;left&#8220; background_image_as_pattern=&#8220;without_pattern&#8220; z_index=&#8220;&#8220;][vc_column][vc_separator type=&#8220;normal&#8220; gradient_color=&#8220;yes&#8220; color=&#8220;#5e5e5e&#8220; thickness=&#8220;1&#8243; up=&#8220;20&#8243;][vc_empty_space][\/vc_column][\/vc_row][vc_row css_animation=&#8220;&#8220; row_type=&#8220;row&#8220; use_row_as_full_screen_section=&#8220;no&#8220; type=&#8220;grid&#8220; angled_section=&#8220;no&#8220; text_align=&#8220;left&#8220; background_image_as_pattern=&#8220;without_pattern&#8220; z_index=&#8220;&#8220;][vc_column width=&#8220;1\/4&#8243;][vc_single_image image=&#8220;119&#8243; img_size=&#8220;300&#215;400&#8243; css=&#8220;&#8220; qode_css_animation=&#8220;&#8220;][\/vc_column][vc_column width=&#8220;3\/4&#8243;][vc_column_text css=&#8220;&#8220;]<\/p>\n<h2>Astrid Schaefer<\/h2>\n<p>Geboren in Finowfurt, aufgewachsen in Lichterfelde.<br \/>\nBeruf: Bauingenieur<br \/>\nSeit 1976 in Basdorf verheiratet, 2 Kinder, inzwischen 4 Enkelkinder<br \/>\nletzte Arbeitsstelle: \u00d6D, Bauverwaltung<br \/>\ninzwischen im Ruhestand<br \/>\nseit 1997 Ortschronistin Basdorf<\/p>\n<p>&nbsp;<\/p>\n<p><em>&#8222;Ich bin gern Basdorferin.&#8220;<br \/>\n<\/em>[\/vc_column_text][vc_empty_space][\/vc_column][\/vc_row][vc_row css_animation=&#8220;&#8220; row_type=&#8220;row&#8220; use_row_as_full_screen_section=&#8220;no&#8220; type=&#8220;grid&#8220; angled_section=&#8220;no&#8220; text_align=&#8220;left&#8220; background_image_as_pattern=&#8220;without_pattern&#8220; z_index=&#8220;&#8220;][vc_column][vc_separator css_animation=&#8220;bounceIn&#8220; type=&#8220;normal&#8220; gradient_color=&#8220;yes&#8220; color=&#8220;#000000&#8243; thickness=&#8220;1&#8243; up=&#8220;20&#8243; down=&#8220;20&#8243;][vc_empty_space][\/vc_column][\/vc_row][vc_row css_animation=&#8220;&#8220; row_type=&#8220;row&#8220; use_row_as_full_screen_section=&#8220;no&#8220; type=&#8220;grid&#8220; angled_section=&#8220;no&#8220; text_align=&#8220;left&#8220; background_image_as_pattern=&#8220;without_pattern&#8220; z_index=&#8220;&#8220;][vc_column width=&#8220;1\/4&#8243;][vc_single_image image=&#8220;117&#8243; img_size=&#8220;300&#215;400&#8243; css=&#8220;&#8220; qode_css_animation=&#8220;&#8220;][\/vc_column][vc_column width=&#8220;3\/4&#8243;][vc_column_text css=&#8220;&#8220;]<\/p>\n<h2 style=\"font-weight: 400;\">Isabelle Czok-Alm<\/h2>\n<p style=\"font-weight: 400;\">Geboren und aufgewachsen im Erzgebirge, 20 Jahre in Mecklenburg-Vorpommern gelebt<\/p>\n<p style=\"font-weight: 400;\">Seit 2013 in Klosterfelde<\/p>\n<p style=\"font-weight: 400;\">Staatlich anerkannte Erzieherin und Reittherapeutin<\/p>\n<p style=\"font-weight: 400;\">Arbeit in der station\u00e4ren Jugendhilfe, an Schulen und in Freizeiteinrichtungen und jetzt:<\/p>\n<p style=\"font-weight: 400;\">Projektkoordinatorin des Kontaktladen Theo f\u00fcr Menschen mit Behinderung und psychischen Erkrankungen in Basdorf<\/p>\n<p style=\"font-weight: 400;\">Verheiratet und zwei erwachsene S\u00f6hne<\/p>\n<p style=\"font-weight: 400;\">Ehrenamtliche T\u00e4tigkeiten: Gemeindevertretung Wandlitz, Ortsbeirat Klosterfelde, Heimat- und Kulturverein e.V., Runder Tisch willkommen in Wandlitz, VVN BdA e.V. Uckermark \u2013 Barnim, \u201eWandlitz zeigt Haltung\u201c<\/p>\n<p>[\/vc_column_text][vc_empty_space][\/vc_column][\/vc_row][vc_row css_animation=&#8220;&#8220; row_type=&#8220;row&#8220; use_row_as_full_screen_section=&#8220;no&#8220; type=&#8220;grid&#8220; angled_section=&#8220;no&#8220; text_align=&#8220;left&#8220; background_image_as_pattern=&#8220;without_pattern&#8220; z_index=&#8220;&#8220;][vc_column][vc_separator css_animation=&#8220;bounceIn&#8220; type=&#8220;normal&#8220; gradient_color=&#8220;yes&#8220; color=&#8220;#000000&#8243; thickness=&#8220;1&#8243; up=&#8220;20&#8243; down=&#8220;20&#8243;][\/vc_column][\/vc_row][vc_row css_animation=&#8220;&#8220; row_type=&#8220;row&#8220; use_row_as_full_screen_section=&#8220;no&#8220; type=&#8220;grid&#8220; angled_section=&#8220;no&#8220; text_align=&#8220;left&#8220; background_image_as_pattern=&#8220;without_pattern&#8220; z_index=&#8220;&#8220;][vc_column width=&#8220;1\/4&#8243;][vc_single_image image=&#8220;120&#8243; img_size=&#8220;300&#215;400&#8243; css=&#8220;&#8220; qode_css_animation=&#8220;&#8220;][\/vc_column][vc_column width=&#8220;3\/4&#8243;][vc_column_text css=&#8220;&#8220;]<\/p>\n<h2>Walter (Walle) Seger<\/h2>\n<p style=\"font-weight: 400;\">Geboren in L\u00fcbbecke \/ Nordrhein-Westfalen.<\/p>\n<p style=\"font-weight: 400;\">Seit 1994 in Berlin\/Bernau\/Sch\u00f6nfeld und letztendlich in Klosterfelde.<\/p>\n<p style=\"font-weight: 400;\">Gelernter Schriftsetzer, Betriebswirt (IHK), Gepr\u00fcfte Fachkraft f\u00fcr Insolvenzverwaltung (DIAI), Vorstandsmitglied des Panketaler Geschichtsverein, Mitglied des Runden Tisches \u201eWillkommen in Wandlitz AG Klosterfelde\u201c<\/p>\n<p style=\"font-weight: 400;\">Vater von drei S\u00f6hnen und zwei angeheirateten Kindern, 9 Enkelkinder.<\/p>\n<p style=\"font-weight: 400;\">Autor der Publikationen:<\/p>\n<p style=\"font-weight: 400;\">Wiederaufnahme \u2013 L\u00fcbbecke 1933 \u2013 1945<\/p>\n<p style=\"font-weight: 400;\">Die j\u00fcdischen Bewohner in Zepernick 1933 \u2013 1945<\/p>\n<p style=\"font-weight: 400;\">Wider das Vergessen \u2013 Benning \/ Bardach \/ Gutfeld<\/p>\n<p style=\"font-weight: 400;\">Opfer und T\u00e4ter \u2013 Willi B\u00e4nsch *1908 &#8211; \u20201944<\/p>\n<p style=\"font-weight: 400;\">Aufsatz \u00fcber das Zentrale Aufnahmeheim R\u00f6ntgental (ZAH) anhand des Schicksals von Herbert Rosenbohm, der sich in diesem Heim das Leben nahm.<\/p>\n<p style=\"font-weight: 400;\">Initiator f\u00fcr die Verlegung von 7 Stolpersteinen in Panketal einschlie\u00dflich Gedenkveranstaltung im Rathaus Panketal mit Teilnahme von Holocaust-\u00dcberlebenden.<\/p>\n<p>[\/vc_column_text][vc_empty_space][\/vc_column][\/vc_row][vc_row css_animation=&#8220;&#8220; row_type=&#8220;row&#8220; use_row_as_full_screen_section=&#8220;no&#8220; type=&#8220;grid&#8220; angled_section=&#8220;no&#8220; text_align=&#8220;left&#8220; background_image_as_pattern=&#8220;without_pattern&#8220; z_index=&#8220;&#8220;][vc_column][vc_separator css_animation=&#8220;bounceIn&#8220; type=&#8220;normal&#8220; color=&#8220;#000000&#8243; thickness=&#8220;1&#8243; up=&#8220;20&#8243; down=&#8220;20&#8243;][vc_empty_space][\/vc_column][\/vc_row]<\/p>\n<\/div>","protected":false},"excerpt":{"rendered":"<p>[vc_row css_animation=&#8220;&#8220; row_type=&#8220;row&#8220; use_row_as_full_screen_section=&#8220;no&#8220; type=&#8220;grid&#8220; angled_section=&#8220;no&#8220; text_align=&#8220;left&#8220; background_image_as_pattern=&#8220;without_pattern&#8220; z_index=&#8220;&#8220;][vc_column][vc_empty_space][vc_column_text css=&#8220;&#8220;]Der Heimat- und Kulturverein e.V. besteht aus Mitgliedern der Gemeinde, die sich f\u00fcr ein Miteinander einsetzen. Zum Vorstand geh\u00f6ren (v.l.) Walter Seger, Isabelle Czok-Alm, Peter Liebehenschel, Astrid Schaefer, Josie R\u00fccker.[\/vc_column_text][vc_empty_space][vc_empty_space][vc_column_text css=&#8220;&#8220;] Der Vorstand [\/vc_column_text][vc_empty_space][\/vc_column][\/vc_row][vc_row css_animation=&#8220;&#8220; row_type=&#8220;row&#8220;&#8230;<\/p>\n","protected":false},"author":1,"featured_media":0,"parent":0,"menu_order":0,"comment_status":"closed","ping_status":"closed","template":"full_width.php","meta":{"footnotes":""},"class_list":["post-14","page","type-page","status-publish","hentry"],"_links":{"self":[{"href":"https:\/\/www.heimat-kultur-basdorf.de\/index.php\/wp-json\/wp\/v2\/pages\/14","targetHints":{"allow":["GET"]}}],"collection":[{"href":"https:\/\/www.heimat-kultur-basdorf.de\/index.php\/wp-json\/wp\/v2\/pages"}],"about":[{"href":"https:\/\/www.heimat-kultur-basdorf.de\/index.php\/wp-json\/wp\/v2\/types\/page"}],"author":[{"embeddable":true,"href":"https:\/\/www.heimat-kultur-basdorf.de\/index.php\/wp-json\/wp\/v2\/users\/1"}],"replies":[{"embeddable":true,"href":"https:\/\/www.heimat-kultur-basdorf.de\/index.php\/wp-json\/wp\/v2\/comments?post=14"}],"version-history":[{"count":44,"href":"https:\/\/www.heimat-kultur-basdorf.de\/index.php\/wp-json\/wp\/v2\/pages\/14\/revisions"}],"predecessor-version":[{"id":647,"href":"https:\/\/www.heimat-kultur-basdorf.de\/index.php\/wp-json\/wp\/v2\/pages\/14\/revisions\/647"}],"wp:attachment":[{"href":"https:\/\/www.heimat-kultur-basdorf.de\/index.php\/wp-json\/wp\/v2\/media?parent=14"}],"curies":[{"name":"wp","href":"https:\/\/api.w.org\/{rel}","templated":true}]}}