{"id":12,"date":"2024-07-21T11:58:52","date_gmt":"2024-07-21T09:58:52","guid":{"rendered":"https:\/\/wordpress.p673923.webspaceconfig.de\/?page_id=12"},"modified":"2025-05-07T14:41:55","modified_gmt":"2025-05-07T12:41:55","slug":"aktuelles","status":"publish","type":"page","link":"https:\/\/www.heimat-kultur-basdorf.de\/index.php\/aktuelles\/","title":{"rendered":"Aktuelles"},"content":{"rendered":"<div class=\"wpb-content-wrapper\"><p>[vc_row css_animation=&#8220;&#8220; row_type=&#8220;row&#8220; use_row_as_full_screen_section=&#8220;no&#8220; type=&#8220;full_width&#8220; angled_section=&#8220;no&#8220; text_align=&#8220;left&#8220; background_image_as_pattern=&#8220;without_pattern&#8220; z_index=&#8220;&#8220;][vc_column][vc_column_text css=&#8220;&#8220;]<\/p>\n<h1>Neues aus dem Verein und Wandlitz<\/h1>\n<p>Herzlich willkommen auf unserer Vereinsseite! Wir freuen uns, Ihnen die neuesten Entwicklungen und Ereignisse aus unserem Verein und der wundersch\u00f6nen Gemeinde Wandlitz pr\u00e4sentieren zu d\u00fcrfen.[\/vc_column_text][vc_empty_space][\/vc_column][\/vc_row][vc_row css_animation=&#8220;&#8220; row_type=&#8220;row&#8220; use_row_as_full_screen_section=&#8220;no&#8220; type=&#8220;full_width&#8220; angled_section=&#8220;no&#8220; text_align=&#8220;left&#8220; background_image_as_pattern=&#8220;without_pattern&#8220; z_index=&#8220;&#8220;][vc_column]\n<div class='latest_post_holder image_on_the_left_boxed  ' >\n    <ul>\n    <li class=\"clearfix \">\n    <div class=\"latest_post\">\n        <div class=\"latest_post_image clearfix\">\n            <a itemprop=\"url\" href=\"https:\/\/www.heimat-kultur-basdorf.de\/index.php\/2024\/10\/06\/zeitzeuginnen-und-zeitzeugen-gesucht\/\">\n                <img loading=\"lazy\" decoding=\"async\" width=\"150\" height=\"150\" src=\"https:\/\/www.heimat-kultur-basdorf.de\/wp-content\/uploads\/2024\/10\/IMG_8624-150x150.jpeg\" class=\"attachment-thumbnail size-thumbnail\" alt=\"\" srcset=\"https:\/\/www.heimat-kultur-basdorf.de\/wp-content\/uploads\/2024\/10\/IMG_8624-150x150.jpeg 150w, https:\/\/www.heimat-kultur-basdorf.de\/wp-content\/uploads\/2024\/10\/IMG_8624-570x570.jpeg 570w, https:\/\/www.heimat-kultur-basdorf.de\/wp-content\/uploads\/2024\/10\/IMG_8624-500x500.jpeg 500w, https:\/\/www.heimat-kultur-basdorf.de\/wp-content\/uploads\/2024\/10\/IMG_8624-1000x1000.jpeg 1000w\" sizes=\"auto, (max-width: 150px) 100vw, 150px\" \/>            <\/a>\n        <\/div>\n        <div class=\"latest_post_text\">\n            <div class=\"latest_post_inner\">\n                <div class=\"latest_post_text_inner\">\n                                                            <h5 itemprop=\"name\" class=\"latest_post_title entry_title\"><a itemprop=\"url\" href=\"https:\/\/www.heimat-kultur-basdorf.de\/index.php\/2024\/10\/06\/zeitzeuginnen-und-zeitzeugen-gesucht\/\">ZEITZEUGINNEN UND ZEITZEUGEN GESUCHT<\/a><\/h5>\n                    <p class=\"excerpt\">Unser Verein wird von den Einwohnerinnen und Einwohnern getragen. Uns ist es wichtig, die Geschichte der Gemeinde St\u00fcck f\u00fcr St\u00fcck aufzuarbeiten und mit Leben zu f\u00fcllen. Daher suchen wir Euch! Einerseits zum Mitmachen, andererseits als wichtige Zeitzeugen unserer Gemeinde....<\/p>\n                    <span class=\"post_infos\">\n\n                        \n                        \n                        \n\n                    <\/span>\n                <\/div>\n            <\/div>\n        <\/div>\n    <\/div>\n<\/li>\n        <li class=\"clearfix \">\n    <div class=\"latest_post\">\n        <div class=\"latest_post_image clearfix\">\n            <a itemprop=\"url\" href=\"https:\/\/www.heimat-kultur-basdorf.de\/index.php\/2024\/07\/23\/toleranzraeume-am-strandbad-wandlitzsee\/\">\n                <img loading=\"lazy\" decoding=\"async\" width=\"150\" height=\"150\" src=\"https:\/\/www.heimat-kultur-basdorf.de\/wp-content\/uploads\/2024\/07\/Heimat-und_Kulturverein_e_V_Wandlitz_Basdorf_Banner_FUeR_RESPEKT_KANNST_DU_DICH_ENTSCHEIDEN_500x500Pixel-150x150.jpg\" class=\"attachment-thumbnail size-thumbnail\" alt=\"\" srcset=\"https:\/\/www.heimat-kultur-basdorf.de\/wp-content\/uploads\/2024\/07\/Heimat-und_Kulturverein_e_V_Wandlitz_Basdorf_Banner_FUeR_RESPEKT_KANNST_DU_DICH_ENTSCHEIDEN_500x500Pixel-150x150.jpg 150w, https:\/\/www.heimat-kultur-basdorf.de\/wp-content\/uploads\/2024\/07\/Heimat-und_Kulturverein_e_V_Wandlitz_Basdorf_Banner_FUeR_RESPEKT_KANNST_DU_DICH_ENTSCHEIDEN_500x500Pixel-300x300.jpg 300w, https:\/\/www.heimat-kultur-basdorf.de\/wp-content\/uploads\/2024\/07\/Heimat-und_Kulturverein_e_V_Wandlitz_Basdorf_Banner_FUeR_RESPEKT_KANNST_DU_DICH_ENTSCHEIDEN_500x500Pixel.jpg 500w\" sizes=\"auto, (max-width: 150px) 100vw, 150px\" \/>            <\/a>\n        <\/div>\n        <div class=\"latest_post_text\">\n            <div class=\"latest_post_inner\">\n                <div class=\"latest_post_text_inner\">\n                                                            <h5 itemprop=\"name\" class=\"latest_post_title entry_title\"><a itemprop=\"url\" href=\"https:\/\/www.heimat-kultur-basdorf.de\/index.php\/2024\/07\/23\/toleranzraeume-am-strandbad-wandlitzsee\/\">TOLERANZR\u00c4UME am Strandbad Wandlitzsee<\/a><\/h5>\n                    <p class=\"excerpt\">TOLERANZR\u00c4UME am Strandbad Wandlitzsee!\r\n\r\nLiebe Freundinnen und Freunde,\r\n\r\nwas ist Toleranz und wie kann sie aussehen und gelebt werden? Eine Mitmach-Ausstellung widmet sich dem Thema mit weitreichenden Zug\u00e4ngen und Ansichten...<\/p>\n                    <span class=\"post_infos\">\n\n                        \n                        \n                        \n\n                    <\/span>\n                <\/div>\n            <\/div>\n        <\/div>\n    <\/div>\n<\/li>\n        <li class=\"clearfix \">\n    <div class=\"latest_post\">\n        <div class=\"latest_post_image clearfix\">\n            <a itemprop=\"url\" href=\"https:\/\/www.heimat-kultur-basdorf.de\/index.php\/2024\/07\/30\/sommerfest-am-7-september-2024-ab-14-uhr-in-den-basdorfer-gaerten\/\">\n                <img loading=\"lazy\" decoding=\"async\" width=\"150\" height=\"150\" src=\"https:\/\/www.heimat-kultur-basdorf.de\/wp-content\/uploads\/2024\/07\/Heimat-und_Kulturverein_e_V_Wandlitz_Basdorf_Sommerfest_2024_Flyer_500x500Pixel-150x150.jpg\" class=\"attachment-thumbnail size-thumbnail\" alt=\"\" srcset=\"https:\/\/www.heimat-kultur-basdorf.de\/wp-content\/uploads\/2024\/07\/Heimat-und_Kulturverein_e_V_Wandlitz_Basdorf_Sommerfest_2024_Flyer_500x500Pixel-150x150.jpg 150w, https:\/\/www.heimat-kultur-basdorf.de\/wp-content\/uploads\/2024\/07\/Heimat-und_Kulturverein_e_V_Wandlitz_Basdorf_Sommerfest_2024_Flyer_500x500Pixel-300x300.jpg 300w, https:\/\/www.heimat-kultur-basdorf.de\/wp-content\/uploads\/2024\/07\/Heimat-und_Kulturverein_e_V_Wandlitz_Basdorf_Sommerfest_2024_Flyer_500x500Pixel.jpg 500w\" sizes=\"auto, (max-width: 150px) 100vw, 150px\" \/>            <\/a>\n        <\/div>\n        <div class=\"latest_post_text\">\n            <div class=\"latest_post_inner\">\n                <div class=\"latest_post_text_inner\">\n                                                            <h5 itemprop=\"name\" class=\"latest_post_title entry_title\"><a itemprop=\"url\" href=\"https:\/\/www.heimat-kultur-basdorf.de\/index.php\/2024\/07\/30\/sommerfest-am-7-september-2024-ab-14-uhr-in-den-basdorfer-gaerten\/\">SOMMERFEST am 7. September 2024 ab 14 Uhr in den Basdorfer G\u00e4rten<\/a><\/h5>\n                    <p class=\"excerpt\">Wir sind total aufgeregt und stolz: Schlie\u00dflich pr\u00e4sentieren wir unsere erste gro\u00dfe Sause mit der gro\u00dfartigen Initiative \"Wandlitz zeigt Haltung\" und dem VVN-BdA (Verein Verfolgter des Naziregimes-Bund der Antifaschistinnen und Antifaschisten. Kommt alle...<\/p>\n                    <span class=\"post_infos\">\n\n                        \n                        \n                        \n\n                    <\/span>\n                <\/div>\n            <\/div>\n        <\/div>\n    <\/div>\n<\/li>\n        <li class=\"clearfix \">\n    <div class=\"latest_post\">\n        <div class=\"latest_post_image clearfix\">\n            <a itemprop=\"url\" href=\"https:\/\/www.heimat-kultur-basdorf.de\/index.php\/2024\/07\/30\/repaircafe-fahrraeder-unter-der-lupe\/\">\n                <img loading=\"lazy\" decoding=\"async\" width=\"150\" height=\"150\" src=\"https:\/\/www.heimat-kultur-basdorf.de\/wp-content\/uploads\/2024\/07\/IMG_8010-150x150.jpg\" class=\"attachment-thumbnail size-thumbnail\" alt=\"\" srcset=\"https:\/\/www.heimat-kultur-basdorf.de\/wp-content\/uploads\/2024\/07\/IMG_8010-150x150.jpg 150w, https:\/\/www.heimat-kultur-basdorf.de\/wp-content\/uploads\/2024\/07\/IMG_8010-570x570.jpg 570w, https:\/\/www.heimat-kultur-basdorf.de\/wp-content\/uploads\/2024\/07\/IMG_8010-500x500.jpg 500w, https:\/\/www.heimat-kultur-basdorf.de\/wp-content\/uploads\/2024\/07\/IMG_8010-1000x1000.jpg 1000w\" sizes=\"auto, (max-width: 150px) 100vw, 150px\" \/>            <\/a>\n        <\/div>\n        <div class=\"latest_post_text\">\n            <div class=\"latest_post_inner\">\n                <div class=\"latest_post_text_inner\">\n                                                            <h5 itemprop=\"name\" class=\"latest_post_title entry_title\"><a itemprop=\"url\" href=\"https:\/\/www.heimat-kultur-basdorf.de\/index.php\/2024\/07\/30\/repaircafe-fahrraeder-unter-der-lupe\/\">Repaircaf\u00e9 &#8211; Fahrr\u00e4der unter der Lupe<\/a><\/h5>\n                    <p class=\"excerpt\">PROJEKTIDEE! Immer am Freitag Nachmittag k\u00fcmmern sich zwei Vereinsmitglieder um die Fahrr\u00e4der, die ihnen so angeschleppt werden. Ob Plattfu\u00df, rostige Kette oder klapperndes Schutzblech...<\/p>\n                    <span class=\"post_infos\">\n\n                        \n                        \n                        \n\n                    <\/span>\n                <\/div>\n            <\/div>\n        <\/div>\n    <\/div>\n<\/li>\n        <li class=\"clearfix \">\n    <div class=\"latest_post\">\n        <div class=\"latest_post_image clearfix\">\n            <a itemprop=\"url\" href=\"https:\/\/www.heimat-kultur-basdorf.de\/index.php\/2024\/07\/30\/pflanztauschboerse-am-16-10-24-bringt-mit-was-ihr-habt-nehmt-mit-was-ihr-wollt\/\">\n                <img loading=\"lazy\" decoding=\"async\" width=\"150\" height=\"150\" src=\"https:\/\/www.heimat-kultur-basdorf.de\/wp-content\/uploads\/2024\/07\/Heimat-und_Kulturverein_e_V_Wandlitz_Basdorf_Herzfoermige-Flieder_500x500Pixel-150x150.jpg\" class=\"attachment-thumbnail size-thumbnail\" alt=\"\" srcset=\"https:\/\/www.heimat-kultur-basdorf.de\/wp-content\/uploads\/2024\/07\/Heimat-und_Kulturverein_e_V_Wandlitz_Basdorf_Herzfoermige-Flieder_500x500Pixel-150x150.jpg 150w, https:\/\/www.heimat-kultur-basdorf.de\/wp-content\/uploads\/2024\/07\/Heimat-und_Kulturverein_e_V_Wandlitz_Basdorf_Herzfoermige-Flieder_500x500Pixel-300x300.jpg 300w, https:\/\/www.heimat-kultur-basdorf.de\/wp-content\/uploads\/2024\/07\/Heimat-und_Kulturverein_e_V_Wandlitz_Basdorf_Herzfoermige-Flieder_500x500Pixel.jpg 500w\" sizes=\"auto, (max-width: 150px) 100vw, 150px\" \/>            <\/a>\n        <\/div>\n        <div class=\"latest_post_text\">\n            <div class=\"latest_post_inner\">\n                <div class=\"latest_post_text_inner\">\n                                                            <h5 itemprop=\"name\" class=\"latest_post_title entry_title\"><a itemprop=\"url\" href=\"https:\/\/www.heimat-kultur-basdorf.de\/index.php\/2024\/07\/30\/pflanztauschboerse-am-16-10-24-bringt-mit-was-ihr-habt-nehmt-mit-was-ihr-wollt\/\">Pflanztauschb\u00f6rse am 16.10.24 &#8211; Bringt mit, was Ihr habt, nehmt mit, was Ihr wollt!<\/a><\/h5>\n                    <p class=\"excerpt\">PFLANZENTAUSCHB\u00d6RSE AM 16. OKTOBER von 10 bis 16 Uhr an den BASDORFER G\u00c4RTEN.\r\n\r\nBring mit, was Ihr habt - nehmt mit, was Ihr wollt.\r\n\r\nWir nutzen unsere erste gemeinsame Veranstaltung Geschichte erleben Teil 1 auch dazu, das Gel\u00e4nde rund um die historischen Baracken n\u00e4her kennenzulernen...<\/p>\n                    <span class=\"post_infos\">\n\n                        \n                        \n                        \n\n                    <\/span>\n                <\/div>\n            <\/div>\n        <\/div>\n    <\/div>\n<\/li>\n        <li class=\"clearfix \">\n    <div class=\"latest_post\">\n        <div class=\"latest_post_image clearfix\">\n            <a itemprop=\"url\" href=\"https:\/\/www.heimat-kultur-basdorf.de\/index.php\/2024\/10\/06\/ortschronistinnen-und-ortschronisten-gesucht\/\">\n                <img loading=\"lazy\" decoding=\"async\" width=\"150\" height=\"150\" src=\"https:\/\/www.heimat-kultur-basdorf.de\/wp-content\/uploads\/2024\/10\/Heimat-und_Kulturverein_e_V_Wandlitz_Basdorf_Logo_500x500Pixel-150x150.jpg\" class=\"attachment-thumbnail size-thumbnail\" alt=\"\" srcset=\"https:\/\/www.heimat-kultur-basdorf.de\/wp-content\/uploads\/2024\/10\/Heimat-und_Kulturverein_e_V_Wandlitz_Basdorf_Logo_500x500Pixel-150x150.jpg 150w, https:\/\/www.heimat-kultur-basdorf.de\/wp-content\/uploads\/2024\/10\/Heimat-und_Kulturverein_e_V_Wandlitz_Basdorf_Logo_500x500Pixel-300x300.jpg 300w, https:\/\/www.heimat-kultur-basdorf.de\/wp-content\/uploads\/2024\/10\/Heimat-und_Kulturverein_e_V_Wandlitz_Basdorf_Logo_500x500Pixel.jpg 500w\" sizes=\"auto, (max-width: 150px) 100vw, 150px\" \/>            <\/a>\n        <\/div>\n        <div class=\"latest_post_text\">\n            <div class=\"latest_post_inner\">\n                <div class=\"latest_post_text_inner\">\n                                                            <h5 itemprop=\"name\" class=\"latest_post_title entry_title\"><a itemprop=\"url\" href=\"https:\/\/www.heimat-kultur-basdorf.de\/index.php\/2024\/10\/06\/ortschronistinnen-und-ortschronisten-gesucht\/\">ORTSCHRONISTINNEN UND ORTSCHRONISTEN GESUCHT<\/a><\/h5>\n                    <p class=\"excerpt\">Was wisst Ihr aus Euren Ortsteilen? Kleine wie gro\u00dfe Geschichten m\u00f6chten wir hier zusammen tragen und f\u00fcr die \u00d6ffentlichkeit sichtbar machen. Seid Ihr bereits in der Gemeinde aktiv...<\/p>\n                    <span class=\"post_infos\">\n\n                        \n                        \n                        \n\n                    <\/span>\n                <\/div>\n            <\/div>\n        <\/div>\n    <\/div>\n<\/li>\n        <li class=\"clearfix \">\n    <div class=\"latest_post\">\n        <div class=\"latest_post_image clearfix\">\n            <a itemprop=\"url\" href=\"https:\/\/www.heimat-kultur-basdorf.de\/index.php\/2024\/10\/09\/geschichte-erleben-teil-1\/\">\n                <img loading=\"lazy\" decoding=\"async\" width=\"150\" height=\"150\" src=\"https:\/\/www.heimat-kultur-basdorf.de\/wp-content\/uploads\/2024\/07\/IMG_7673-150x150.jpg\" class=\"attachment-thumbnail size-thumbnail\" alt=\"\" srcset=\"https:\/\/www.heimat-kultur-basdorf.de\/wp-content\/uploads\/2024\/07\/IMG_7673-150x150.jpg 150w, https:\/\/www.heimat-kultur-basdorf.de\/wp-content\/uploads\/2024\/07\/IMG_7673-570x570.jpg 570w, https:\/\/www.heimat-kultur-basdorf.de\/wp-content\/uploads\/2024\/07\/IMG_7673-500x500.jpg 500w, https:\/\/www.heimat-kultur-basdorf.de\/wp-content\/uploads\/2024\/07\/IMG_7673-1000x1000.jpg 1000w\" sizes=\"auto, (max-width: 150px) 100vw, 150px\" \/>            <\/a>\n        <\/div>\n        <div class=\"latest_post_text\">\n            <div class=\"latest_post_inner\">\n                <div class=\"latest_post_text_inner\">\n                                                            <h5 itemprop=\"name\" class=\"latest_post_title entry_title\"><a itemprop=\"url\" href=\"https:\/\/www.heimat-kultur-basdorf.de\/index.php\/2024\/10\/09\/geschichte-erleben-teil-1\/\">GESCHICHTE ERLEBEN &#8211; TEIL 1<\/a><\/h5>\n                    <p class=\"excerpt\">Wir pr\u00e4sentieren stolz unser Initialfest des Heimat-und Kulturvereins e.V.. Mit einer Kunstperformance laden wir Euch sehr herzlich auf die Festwiese der Basdorfer G\u00e4rten und zwar am MITTWOCH, \u00a0den 16. OKTOBER 2024 von 10 bis 16 Uhr.\u00a0...<\/p>\n                    <span class=\"post_infos\">\n\n                        \n                        \n                        \n\n                    <\/span>\n                <\/div>\n            <\/div>\n        <\/div>\n    <\/div>\n<\/li>\n        <li class=\"clearfix \">\n    <div class=\"latest_post\">\n        <div class=\"latest_post_image clearfix\">\n            <a itemprop=\"url\" href=\"https:\/\/www.heimat-kultur-basdorf.de\/index.php\/2024\/07\/30\/doppelhaushaelfte\/\">\n                <img loading=\"lazy\" decoding=\"async\" width=\"150\" height=\"150\" src=\"https:\/\/www.heimat-kultur-basdorf.de\/wp-content\/uploads\/2024\/07\/d9c42099-02aa-45b7-8648-2a0726dcaa2a-150x150.jpeg\" class=\"attachment-thumbnail size-thumbnail\" alt=\"Poster, Serie, Doppelhaush\u00e4lfte, Q&amp;A\" srcset=\"https:\/\/www.heimat-kultur-basdorf.de\/wp-content\/uploads\/2024\/07\/d9c42099-02aa-45b7-8648-2a0726dcaa2a-150x150.jpeg 150w, https:\/\/www.heimat-kultur-basdorf.de\/wp-content\/uploads\/2024\/07\/d9c42099-02aa-45b7-8648-2a0726dcaa2a-570x570.jpeg 570w, https:\/\/www.heimat-kultur-basdorf.de\/wp-content\/uploads\/2024\/07\/d9c42099-02aa-45b7-8648-2a0726dcaa2a-500x500.jpeg 500w\" sizes=\"auto, (max-width: 150px) 100vw, 150px\" \/>            <\/a>\n        <\/div>\n        <div class=\"latest_post_text\">\n            <div class=\"latest_post_inner\">\n                <div class=\"latest_post_text_inner\">\n                                                            <h5 itemprop=\"name\" class=\"latest_post_title entry_title\"><a itemprop=\"url\" href=\"https:\/\/www.heimat-kultur-basdorf.de\/index.php\/2024\/07\/30\/doppelhaushaelfte\/\">DOPPELHAUSH\u00c4LFTE<\/a><\/h5>\n                    <p class=\"excerpt\">\"Wandlitz zeigt Haltung\" haben alles gegeben, um die kreativen K\u00f6pfe und genialen Stars der Comedy-Serie nach Wandlitz zu lotsen. Am Samstag, den 5. Oktober von 14 bis 18 Uhr versammeln sich das Team und seine Fans im \"Goldenen L\u00f6wen\"...<\/p>\n                    <span class=\"post_infos\">\n\n                        \n                        \n                        \n\n                    <\/span>\n                <\/div>\n            <\/div>\n        <\/div>\n    <\/div>\n<\/li>\n        <li class=\"clearfix \">\n    <div class=\"latest_post\">\n        <div class=\"latest_post_image clearfix\">\n            <a itemprop=\"url\" href=\"https:\/\/www.heimat-kultur-basdorf.de\/index.php\/2024\/10\/20\/das-war-geschichte-erleben-teil-1\/\">\n                <img loading=\"lazy\" decoding=\"async\" width=\"150\" height=\"150\" src=\"https:\/\/www.heimat-kultur-basdorf.de\/wp-content\/uploads\/2024\/10\/IMG_0327-150x150.jpeg\" class=\"attachment-thumbnail size-thumbnail\" alt=\"\" srcset=\"https:\/\/www.heimat-kultur-basdorf.de\/wp-content\/uploads\/2024\/10\/IMG_0327-150x150.jpeg 150w, https:\/\/www.heimat-kultur-basdorf.de\/wp-content\/uploads\/2024\/10\/IMG_0327-570x570.jpeg 570w, https:\/\/www.heimat-kultur-basdorf.de\/wp-content\/uploads\/2024\/10\/IMG_0327-500x500.jpeg 500w, https:\/\/www.heimat-kultur-basdorf.de\/wp-content\/uploads\/2024\/10\/IMG_0327-1000x1000.jpeg 1000w\" sizes=\"auto, (max-width: 150px) 100vw, 150px\" \/>            <\/a>\n        <\/div>\n        <div class=\"latest_post_text\">\n            <div class=\"latest_post_inner\">\n                <div class=\"latest_post_text_inner\">\n                                                            <h5 itemprop=\"name\" class=\"latest_post_title entry_title\"><a itemprop=\"url\" href=\"https:\/\/www.heimat-kultur-basdorf.de\/index.php\/2024\/10\/20\/das-war-geschichte-erleben-teil-1\/\">Das war: GESCHICHTE ERLEBEN &#8211; TEIL 1<\/a><\/h5>\n                    <p class=\"excerpt\">Wir hatten ein unvergessliches Initialfest des Heimat- und Kulturvereins e.V.. \"Geschichte erleben - Teil 1\" hat seinem Namen alle Ehre gemacht und wir machen weiter. Versprochen. ...<\/p>\n                    <span class=\"post_infos\">\n\n                        \n                        \n                        \n\n                    <\/span>\n                <\/div>\n            <\/div>\n        <\/div>\n    <\/div>\n<\/li>\n        <li class=\"clearfix \">\n    <div class=\"latest_post\">\n        <div class=\"latest_post_image clearfix\">\n            <a itemprop=\"url\" href=\"https:\/\/www.heimat-kultur-basdorf.de\/index.php\/2024\/07\/21\/brandstiftung-am-wirkungsort-des-heimat-und-kulturvereins\/\">\n                <img loading=\"lazy\" decoding=\"async\" width=\"150\" height=\"150\" src=\"https:\/\/www.heimat-kultur-basdorf.de\/wp-content\/uploads\/2024\/07\/image6-150x150.jpeg\" class=\"attachment-thumbnail size-thumbnail\" alt=\"\" srcset=\"https:\/\/www.heimat-kultur-basdorf.de\/wp-content\/uploads\/2024\/07\/image6-150x150.jpeg 150w, https:\/\/www.heimat-kultur-basdorf.de\/wp-content\/uploads\/2024\/07\/image6-570x570.jpeg 570w, https:\/\/www.heimat-kultur-basdorf.de\/wp-content\/uploads\/2024\/07\/image6-500x500.jpeg 500w\" sizes=\"auto, (max-width: 150px) 100vw, 150px\" \/>            <\/a>\n        <\/div>\n        <div class=\"latest_post_text\">\n            <div class=\"latest_post_inner\">\n                <div class=\"latest_post_text_inner\">\n                                                            <h5 itemprop=\"name\" class=\"latest_post_title entry_title\"><a itemprop=\"url\" href=\"https:\/\/www.heimat-kultur-basdorf.de\/index.php\/2024\/07\/21\/brandstiftung-am-wirkungsort-des-heimat-und-kulturvereins\/\">Brandstiftung am Wirkungsort des Heimat- und Kulturvereins<\/a><\/h5>\n                    <p class=\"excerpt\">Der Fall zeigt eindrucksvoll, wie wichtig Gemeinschaftssinn und Solidarit\u00e4t in schwierigen Zeiten sind. Trotz des gro\u00dfen Schadens und der emotionalen Belastung bleibt die Hoffnung bestehen, dass der Heimat- und Kulturverein Wandlitz bald einen Ort f\u00fcr seine Aktivit\u00e4ten und die Gemeinschaft haben wird....<\/p>\n                    <span class=\"post_infos\">\n\n                        \n                        \n                        \n\n                    <\/span>\n                <\/div>\n            <\/div>\n        <\/div>\n    <\/div>\n<\/li>\n        \n    <\/ul>\n<\/div>[\/vc_column][\/vc_row][vc_row css_animation=&#8220;&#8220; row_type=&#8220;row&#8220; use_row_as_full_screen_section=&#8220;no&#8220; type=&#8220;full_width&#8220; angled_section=&#8220;no&#8220; text_align=&#8220;left&#8220; background_image_as_pattern=&#8220;without_pattern&#8220;][vc_column][vc_empty_space height=&#8220;60px&#8220;][\/vc_column][\/vc_row]<\/p>\n<\/div>","protected":false},"excerpt":{"rendered":"<p>[vc_row css_animation=&#8220;&#8220; row_type=&#8220;row&#8220; use_row_as_full_screen_section=&#8220;no&#8220; type=&#8220;full_width&#8220; angled_section=&#8220;no&#8220; text_align=&#8220;left&#8220; background_image_as_pattern=&#8220;without_pattern&#8220; z_index=&#8220;&#8220;][vc_column][vc_column_text css=&#8220;&#8220;] Neues aus dem Verein und Wandlitz Herzlich willkommen auf unserer Vereinsseite! Wir freuen uns, Ihnen die neuesten Entwicklungen und Ereignisse aus unserem Verein und der wundersch\u00f6nen Gemeinde Wandlitz pr\u00e4sentieren zu d\u00fcrfen.[\/vc_column_text][vc_empty_space][\/vc_column][\/vc_row][vc_row css_animation=&#8220;&#8220; row_type=&#8220;row&#8220; use_row_as_full_screen_section=&#8220;no&#8220; type=&#8220;full_width&#8220;&#8230;<\/p>\n","protected":false},"author":1,"featured_media":0,"parent":0,"menu_order":0,"comment_status":"closed","ping_status":"closed","template":"","meta":{"footnotes":""},"class_list":["post-12","page","type-page","status-publish","hentry"],"_links":{"self":[{"href":"https:\/\/www.heimat-kultur-basdorf.de\/index.php\/wp-json\/wp\/v2\/pages\/12","targetHints":{"allow":["GET"]}}],"collection":[{"href":"https:\/\/www.heimat-kultur-basdorf.de\/index.php\/wp-json\/wp\/v2\/pages"}],"about":[{"href":"https:\/\/www.heimat-kultur-basdorf.de\/index.php\/wp-json\/wp\/v2\/types\/page"}],"author":[{"embeddable":true,"href":"https:\/\/www.heimat-kultur-basdorf.de\/index.php\/wp-json\/wp\/v2\/users\/1"}],"replies":[{"embeddable":true,"href":"https:\/\/www.heimat-kultur-basdorf.de\/index.php\/wp-json\/wp\/v2\/comments?post=12"}],"version-history":[{"count":15,"href":"https:\/\/www.heimat-kultur-basdorf.de\/index.php\/wp-json\/wp\/v2\/pages\/12\/revisions"}],"predecessor-version":[{"id":633,"href":"https:\/\/www.heimat-kultur-basdorf.de\/index.php\/wp-json\/wp\/v2\/pages\/12\/revisions\/633"}],"wp:attachment":[{"href":"https:\/\/www.heimat-kultur-basdorf.de\/index.php\/wp-json\/wp\/v2\/media?parent=12"}],"curies":[{"name":"wp","href":"https:\/\/api.w.org\/{rel}","templated":true}]}}